{"id":44,"date":"2016-11-24T18:10:10","date_gmt":"2016-11-24T17:10:10","guid":{"rendered":"http:\/\/plethorathemes.com\/hotel-xenia\/?page_id=44"},"modified":"2022-12-07T13:49:44","modified_gmt":"2022-12-07T12:49:44","slug":"resort-a-pwani-mchangani","status":"publish","type":"page","link":"https:\/\/www.villadida.com\/it\/resort-a-pwani-mchangani\/","title":{"rendered":"Villadida"},"content":{"rendered":"<p>[vc_row full_width=&#8221;stretch_row&#8221; color_set=&#8221;white_section&#8221;][vc_column]<div class=\"heading_group_sc wpb_content_element subtitle_top    text-left\">\n\n        <span class=\"subtitle\">Spiaggia di Pwani-Mchangani<\/span>\n\n    <h3>ECO RESORT BOUTIQUE<\/h3>\n\n\n\n<\/div>[vc_column_text]Villa Dida \u00e8 un Eco Resort Boutique, posto all\u2019estremo nord sulla spiaggia di Pwani-Mchangani, antico villaggio di pescatori africani, sulla costa nord-est di Zanzibar, la magica isola delle spezie.<\/p>\n<p>Di fronte alla spiaggia ancora incontaminata spunta l\u2019atollo di Mnemba, uno dei parchi marini pi\u00f9 belli di tutta la Tanzania: popolato da tartarughe e delfini \u00e8 un vero e proprio luogo paradiso per gli amanti di Diving e Snorkeling.<br \/>\nDirettamente sul mare, con una bellissima spiaggia privata di bianca finissima e con camere tutte fronte mare, Villa Dida \u00e8 il luogo dove trascorrerete le vacanze che non dimenticherete pi\u00f9. Immersa in un esotico giardino tropicale, Villa Dida \u00e8 un meraviglioso Eco-Resort sorto lontano dai villaggi turistici di massa e lontano dalle attivit\u00e0 invasive. Qui avrete l\u2019opportunit\u00e0 di apprezzare i colori, i sapori e la cultura locale coccolati in un&#8217;atmosfera rilassante e ricca di vegetazione lussuriosa, combinando i comfort moderni con la bellezza della natura incontaminata.<\/p>\n<p>A Villa Dida si apprezzer\u00e0 molto pi\u00f9 di un soggiorno balneare.<br \/>\nProgettata pensando alla bellezza e alla salvaguardia del luogo, Villa Dida utilizza le risorse locali in misura sostenibile.<\/p>\n<p>Il concetto di bioarchitettura \u00e8 qui attuato privilegiando l\u2019antico metodo swahili di costruzione-decorazione: calce (lime-stone) e polveri di colore naturale provenienti dall\u2019india e dal Centro dell\u2019Africa. Anche dal punto di vista strutturale utilizza un\u2019armatura swahili in uso presso le case di Stone-Town di oltre duecento anni fa, realizzata con un sistema di travi di legno e una aggiunta minima di ferro in alcuni punti portanti. Costruita con materiali naturali e senza utilizzo di vernici e dotata di autonomia energetica, Villa Dida offre un comfort di alto livello per un esiguo numero di ospiti, che possono vivere cos\u00ec un\u2019esperienza di vero relax in armonia con l\u2019ambiente e usufruendo di un servizio personalizzato. Si \u00e8 scelto di investire nella cura del servizio, della cucina, della location per un tipo di clientela che rifugge dai villaggi turistici di massa. Potete farvi apparecchiare un tavolo dove volete, o avere il privilegio di fare escursioni con al massimo 5 o 6 persone insieme a voi. Potete farvi fare massaggi con trattamenti locali e oli tradizionali all&#8217;interno di una capanna africana che abbiamo costruito sul mare, o percorrere km su spiaggia bianca incontaminata, lontano dai frastuoni dei villaggi all inclusive con animazioni invasive.<\/p>\n<p>La scelta di avere solo 18 camere tutte fronte mare \u00e8 per garantire il top del servizio e curare i nostri ospiti che entrano come clienti e ritornano a casa come nostri amici. Coccolati dallo staff che \u00e8 ormai come una grande famiglia unita da oltre 15 anni, sarete accolti con la semplicit\u00e0 e la gentilezza tipiche di quest&#8217;isola offrendovi tutti i giusti servizi necessari per rendere piacevole il vostro soggiorno.[\/vc_column_text][\/vc_column][\/vc_row][vc_row full_width=&#8221;stretch_row&#8221; color_set=&#8221;black_section&#8221; css=&#8221;.vc_custom_1669139336529{background-image: url(https:\/\/www.villadida.com\/wp-content\/uploads\/2022\/11\/banner-sistemazione.jpg?id=1341) !important;background-position: center !important;background-repeat: no-repeat !important;background-size: cover !important;}&#8221;][vc_column width=&#8221;2\/3&#8243; offset=&#8221;vc_col-sm-offset-2&#8243;]<div class=\"heading_group_sc wpb_content_element subtitle_bottom    text-center\">\n\n\n    <h2>Guarda le nostre sistemazioni<\/h2>\n\n\n        <span class=\"subtitle\"><\/span>\n\n<\/div>[vc_column_text]<\/p>\n<p style=\"text-align: center;\">Tutte le nostre camere sono fronte mare<\/p>\n<p>[\/vc_column_text]<div class=\"plethora_button wpb_content_element   text-center \">\n    <a href=\"https:\/\/www.villadida.com\/hotel-zanzibar\/\" class=\" btn btn-white  \" title=\"\"  target=\"_self\">\n\n        \n        SCOPRI DI PI\u00d9\n        \n\n    <\/a>\n<\/div>[\/vc_column][\/vc_row]<\/p>\n","protected":false},"excerpt":{"rendered":"<p>[vc_row full_width=&#8221;stretch_row&#8221; color_set=&#8221;white_section&#8221;][vc_column][vc_column_text]Villa Dida \u00e8 un Eco Resort Boutique, posto all\u2019estremo nord sulla spiaggia di Pwani-Mchangani, antico villaggio di pescatori africani, sulla costa nord-est di Zanzibar, la magica isola delle spezie. Di fronte alla spiaggia ancora incontaminata spunta l\u2019atollo di Mnemba, uno dei parchi marini pi\u00f9 belli di tutta la Tanzania: popolato da tartarughe e [&hellip;]<\/p>\n","protected":false},"author":1,"featured_media":1334,"parent":0,"menu_order":1,"comment_status":"closed","ping_status":"closed","template":"","meta":{"footnotes":""},"yoast_head":"<!-- This site is optimized with the Yoast SEO plugin v21.2 - https:\/\/yoast.com\/wordpress\/plugins\/seo\/ -->\n<title>Villadida - Villa Dida Resort<\/title>\n<meta name=\"robots\" content=\"index, follow, max-snippet:-1, max-image-preview:large, max-video-preview:-1\" \/>\n<link rel=\"canonical\" href=\"https:\/\/www.villadida.com\/it\/resort-a-pwani-mchangani\/\" \/>\n<meta property=\"og:locale\" content=\"it_IT\" \/>\n<meta property=\"og:type\" content=\"article\" \/>\n<meta property=\"og:title\" content=\"Villadida - Villa Dida Resort\" \/>\n<meta property=\"og:description\" content=\"[vc_row full_width=&#8221;stretch_row&#8221; color_set=&#8221;white_section&#8221;][vc_column][vc_column_text]Villa Dida \u00e8 un Eco Resort Boutique, posto all\u2019estremo nord sulla spiaggia di Pwani-Mchangani, antico villaggio di pescatori africani, sulla costa nord-est di Zanzibar, la magica isola delle spezie. Di fronte alla spiaggia ancora incontaminata spunta l\u2019atollo di Mnemba, uno dei parchi marini pi\u00f9 belli di tutta la Tanzania: popolato da tartarughe e [&hellip;]\" \/>\n<meta property=\"og:url\" content=\"https:\/\/www.villadida.com\/it\/resort-a-pwani-mchangani\/\" \/>\n<meta property=\"og:site_name\" content=\"Villa Dida Resort\" \/>\n<meta property=\"article:modified_time\" content=\"2022-12-07T12:49:44+00:00\" \/>\n<meta property=\"og:image\" content=\"https:\/\/www.villadida.com\/wp-content\/uploads\/2022\/11\/titolo-villadida.jpg\" \/>\n\t<meta property=\"og:image:width\" content=\"1920\" \/>\n\t<meta property=\"og:image:height\" content=\"450\" \/>\n\t<meta property=\"og:image:type\" content=\"image\/jpeg\" \/>\n<meta name=\"twitter:card\" content=\"summary_large_image\" \/>\n<meta name=\"twitter:label1\" content=\"Tempo di lettura stimato\" \/>\n\t<meta name=\"twitter:data1\" content=\"3 minuti\" \/>\n<script type=\"application\/ld+json\" class=\"yoast-schema-graph\">{\"@context\":\"https:\/\/schema.org\",\"@graph\":[{\"@type\":\"WebPage\",\"@id\":\"https:\/\/www.villadida.com\/it\/resort-a-pwani-mchangani\/\",\"url\":\"https:\/\/www.villadida.com\/it\/resort-a-pwani-mchangani\/\",\"name\":\"Villadida - Villa Dida Resort\",\"isPartOf\":{\"@id\":\"https:\/\/www.villadida.com\/it\/#website\"},\"datePublished\":\"2016-11-24T17:10:10+00:00\",\"dateModified\":\"2022-12-07T12:49:44+00:00\",\"breadcrumb\":{\"@id\":\"https:\/\/www.villadida.com\/it\/resort-a-pwani-mchangani\/#breadcrumb\"},\"inLanguage\":\"it-IT\",\"potentialAction\":[{\"@type\":\"ReadAction\",\"target\":[\"https:\/\/www.villadida.com\/it\/resort-a-pwani-mchangani\/\"]}]},{\"@type\":\"BreadcrumbList\",\"@id\":\"https:\/\/www.villadida.com\/it\/resort-a-pwani-mchangani\/#breadcrumb\",\"itemListElement\":[{\"@type\":\"ListItem\",\"position\":1,\"name\":\"Home\",\"item\":\"https:\/\/www.villadida.com\/it\/\"},{\"@type\":\"ListItem\",\"position\":2,\"name\":\"Villadida\"}]},{\"@type\":\"WebSite\",\"@id\":\"https:\/\/www.villadida.com\/it\/#website\",\"url\":\"https:\/\/www.villadida.com\/it\/\",\"name\":\"Villa Dida Resort\",\"description\":\"Il tuo resort da sogno a Zanzibar\",\"publisher\":{\"@id\":\"https:\/\/www.villadida.com\/it\/#organization\"},\"potentialAction\":[{\"@type\":\"SearchAction\",\"target\":{\"@type\":\"EntryPoint\",\"urlTemplate\":\"https:\/\/www.villadida.com\/it\/?s={search_term_string}\"},\"query-input\":\"required name=search_term_string\"}],\"inLanguage\":\"it-IT\"},{\"@type\":\"Organization\",\"@id\":\"https:\/\/www.villadida.com\/it\/#organization\",\"name\":\"Villa Dida Resort\",\"url\":\"https:\/\/www.villadida.com\/it\/\",\"logo\":{\"@type\":\"ImageObject\",\"inLanguage\":\"it-IT\",\"@id\":\"https:\/\/www.villadida.com\/it\/#\/schema\/logo\/image\/\",\"url\":\"https:\/\/www.villadida.com\/wp-content\/uploads\/2022\/12\/favicon.png\",\"contentUrl\":\"https:\/\/www.villadida.com\/wp-content\/uploads\/2022\/12\/favicon.png\",\"width\":512,\"height\":512,\"caption\":\"Villa Dida Resort\"},\"image\":{\"@id\":\"https:\/\/www.villadida.com\/it\/#\/schema\/logo\/image\/\"}}]}<\/script>\n<!-- \/ Yoast SEO plugin. -->","yoast_head_json":{"title":"Villadida - Villa Dida Resort","robots":{"index":"index","follow":"follow","max-snippet":"max-snippet:-1","max-image-preview":"max-image-preview:large","max-video-preview":"max-video-preview:-1"},"canonical":"https:\/\/www.villadida.com\/it\/resort-a-pwani-mchangani\/","og_locale":"it_IT","og_type":"article","og_title":"Villadida - Villa Dida Resort","og_description":"[vc_row full_width=&#8221;stretch_row&#8221; color_set=&#8221;white_section&#8221;][vc_column][vc_column_text]Villa Dida \u00e8 un Eco Resort Boutique, posto all\u2019estremo nord sulla spiaggia di Pwani-Mchangani, antico villaggio di pescatori africani, sulla costa nord-est di Zanzibar, la magica isola delle spezie. Di fronte alla spiaggia ancora incontaminata spunta l\u2019atollo di Mnemba, uno dei parchi marini pi\u00f9 belli di tutta la Tanzania: popolato da tartarughe e [&hellip;]","og_url":"https:\/\/www.villadida.com\/it\/resort-a-pwani-mchangani\/","og_site_name":"Villa Dida Resort","article_modified_time":"2022-12-07T12:49:44+00:00","og_image":[{"width":1920,"height":450,"url":"https:\/\/www.villadida.com\/wp-content\/uploads\/2022\/11\/titolo-villadida.jpg","type":"image\/jpeg"}],"twitter_card":"summary_large_image","twitter_misc":{"Tempo di lettura stimato":"3 minuti"},"schema":{"@context":"https:\/\/schema.org","@graph":[{"@type":"WebPage","@id":"https:\/\/www.villadida.com\/it\/resort-a-pwani-mchangani\/","url":"https:\/\/www.villadida.com\/it\/resort-a-pwani-mchangani\/","name":"Villadida - Villa Dida Resort","isPartOf":{"@id":"https:\/\/www.villadida.com\/it\/#website"},"datePublished":"2016-11-24T17:10:10+00:00","dateModified":"2022-12-07T12:49:44+00:00","breadcrumb":{"@id":"https:\/\/www.villadida.com\/it\/resort-a-pwani-mchangani\/#breadcrumb"},"inLanguage":"it-IT","potentialAction":[{"@type":"ReadAction","target":["https:\/\/www.villadida.com\/it\/resort-a-pwani-mchangani\/"]}]},{"@type":"BreadcrumbList","@id":"https:\/\/www.villadida.com\/it\/resort-a-pwani-mchangani\/#breadcrumb","itemListElement":[{"@type":"ListItem","position":1,"name":"Home","item":"https:\/\/www.villadida.com\/it\/"},{"@type":"ListItem","position":2,"name":"Villadida"}]},{"@type":"WebSite","@id":"https:\/\/www.villadida.com\/it\/#website","url":"https:\/\/www.villadida.com\/it\/","name":"Villa Dida Resort","description":"Il tuo resort da sogno a Zanzibar","publisher":{"@id":"https:\/\/www.villadida.com\/it\/#organization"},"potentialAction":[{"@type":"SearchAction","target":{"@type":"EntryPoint","urlTemplate":"https:\/\/www.villadida.com\/it\/?s={search_term_string}"},"query-input":"required name=search_term_string"}],"inLanguage":"it-IT"},{"@type":"Organization","@id":"https:\/\/www.villadida.com\/it\/#organization","name":"Villa Dida Resort","url":"https:\/\/www.villadida.com\/it\/","logo":{"@type":"ImageObject","inLanguage":"it-IT","@id":"https:\/\/www.villadida.com\/it\/#\/schema\/logo\/image\/","url":"https:\/\/www.villadida.com\/wp-content\/uploads\/2022\/12\/favicon.png","contentUrl":"https:\/\/www.villadida.com\/wp-content\/uploads\/2022\/12\/favicon.png","width":512,"height":512,"caption":"Villa Dida Resort"},"image":{"@id":"https:\/\/www.villadida.com\/it\/#\/schema\/logo\/image\/"}}]}},"_links":{"self":[{"href":"https:\/\/www.villadida.com\/it\/wp-json\/wp\/v2\/pages\/44"}],"collection":[{"href":"https:\/\/www.villadida.com\/it\/wp-json\/wp\/v2\/pages"}],"about":[{"href":"https:\/\/www.villadida.com\/it\/wp-json\/wp\/v2\/types\/page"}],"author":[{"embeddable":true,"href":"https:\/\/www.villadida.com\/it\/wp-json\/wp\/v2\/users\/1"}],"replies":[{"embeddable":true,"href":"https:\/\/www.villadida.com\/it\/wp-json\/wp\/v2\/comments?post=44"}],"version-history":[{"count":9,"href":"https:\/\/www.villadida.com\/it\/wp-json\/wp\/v2\/pages\/44\/revisions"}],"predecessor-version":[{"id":1336,"href":"https:\/\/www.villadida.com\/it\/wp-json\/wp\/v2\/pages\/44\/revisions\/1336"}],"wp:featuredmedia":[{"embeddable":true,"href":"https:\/\/www.villadida.com\/it\/wp-json\/wp\/v2\/media\/1334"}],"wp:attachment":[{"href":"https:\/\/www.villadida.com\/it\/wp-json\/wp\/v2\/media?parent=44"}],"curies":[{"name":"wp","href":"https:\/\/api.w.org\/{rel}","templated":true}]}}