{"id":1870,"date":"2022-11-25T09:30:31","date_gmt":"2022-11-25T08:30:31","guid":{"rendered":"https:\/\/www.villadida.com\/?page_id=1870"},"modified":"2022-12-06T11:54:59","modified_gmt":"2022-12-06T10:54:59","slug":"sport-benessere","status":"publish","type":"page","link":"https:\/\/www.villadida.com\/it\/attivita\/sport-benessere\/","title":{"rendered":"Sport &#038; Benessere"},"content":{"rendered":"<p>[vc_row row_padding_bottom=&#8221;padding_bottom_none&#8221;][vc_column][vc_column_text]<strong>La struttura \u00e8 il luogo ideale per ritrovare la propria forma fisica e psicologica<\/strong>, eliminando ogni stress e purificando il corpo, da smog, inquinamento, elettromagnetismo e cibi industriali.<\/p>\n<p>E\u2019 possibile richiedere una dieta seconda le proprie esigenze e consultare al bar il menu dei nostri frullati e centrifugati energizzanti e detossicanti.\u00a0 A Villa Dida troverete la nostra Spa, con massaggiatrici professioniste, l\u2019area Calisthenics-attivit\u00e0 olistiche da soli o seguiti da istruttori qualificati, affitto di paddle-sup e corsi di Kite Surf.<\/p>\n<p>Inoltre potrete effettuare corsi basici e avanzati di Capoeira e Animal Flow con istruttore qualificato e corsi specifici con personal trainer.[\/vc_column_text][\/vc_column][\/vc_row][vc_row gap=&#8221;15&#8243; equal_height=&#8221;yes&#8221; row_padding_top=&#8221;padding_top_none&#8221; row_padding_bottom=&#8221;padding_bottom_none&#8221;][vc_column width=&#8221;1\/2&#8243;][vc_single_image image=&#8221;1877&#8243; img_size=&#8221;full&#8221; alignment=&#8221;center&#8221;]<div class=\"heading_group_sc wpb_content_element subtitle_bottom    text-left\">\n\n\n    <h3><b>KITE SURF E PADDLE SUP<\/b><\/h3>\n\n\n        <span class=\"subtitle\"><\/span>\n\n<\/div>[vc_column_text]Zanzibar \u00e8 un\u2019isola ideale per divertirsi con il kite Surf e il Paddle Sup in tutta sicurezza sia per i venti sia per la barriera corallina che contorna tutta la costa dove \u00e8 situata villa dida.<br \/>\nI venti soffiano da Nord-Est verso sud da met\u00e0 dicembre fino a met\u00e0 aprile, mentre da giugno fino a met\u00e0 novembre abbiamo il vento che soffia da Sud verso Nord. Ci\u00f2 rende la pratica del Kite molto sicura in quanto i venti sono principalmente paralleli alla costa e le uscite sono tutte dentro la barriera corallina.<br \/>\nVilla Dida \u00e8 convenzionata con due centri Kite che in base al vento e alla marea fanno partire proprio dalla spiaggia di Villa Dida, oppure effettuano il transfer in jeep fino al punto dello spot piu\u2019 vicino. Inoltre al Villa Dida \u00e8 possibile affittare Paddle Sup sia per adulti sia per minori accompagnati da Adulti. Questa pratica sportiva \u00e8 molto salutare e rilassante e permette di osservare la costa in tranquillit\u00e0 con leggere pagaiate stando in piedi o in ginocchio sulla tavola da Sup.[\/vc_column_text][\/vc_column][vc_column width=&#8221;1\/2&#8243;][vc_images_carousel images=&#8221;2119,2120,2124,2125,2126,2127,2128,2129,2130,2131&#8243; img_size=&#8221;full&#8221; onclick=&#8221;link_no&#8221; autoplay=&#8221;yes&#8221; wrap=&#8221;yes&#8221;]<div class=\"heading_group_sc wpb_content_element subtitle_bottom    text-left\">\n\n\n    <h3><b>SPA AND BEAUTY<\/b><\/h3>\n\n\n        <span class=\"subtitle\"><\/span>\n\n<\/div>[vc_column_text]Il Centro spa \u00e8 gestito dal migliore centro spa dell\u2019isola\u00a0 Body and Soul Spa.<br \/>\nLocation\u00a0 in stile etnico, non necessita di musiche new-age e campane tibetane, perch\u00e8 vi troverete ad essere massaggiati da massaggiatrici professioniste, in una capanna in stile etnico direttamente sulla nostra spiaggia privata. In totale privacy sarete cullati dal rumore delle onde e il cinguettio degli uccellini locali. Massima igiene e uso di prodotti naturali locali.<br \/>\nQui di seguito il men\u00f9 dei nostri massaggi: massaggi aroma terapeutici, massaggi linfodrenanti, massaggi profondi e in punti specifici.<br \/>\nOfferte particolari per coppie e per pacchetti di massaggio superiori a 3.[\/vc_column_text]<div class=\"plethora_button wpb_content_element  vc_custom_1669367762626  text-left \">\n    <a href=\"https:\/\/www.villadida.com\/wp-content\/uploads\/2022\/11\/spa_beauty_menu.pdf\" class=\" btn btn-default  \" title=\"\"  target=\"_blank\">\n\n        \n        SCOPRI IL MEN\u00d9 MASSAGGI\n        \n\n    <\/a>\n<\/div>[\/vc_column][\/vc_row][vc_row gap=&#8221;15&#8243; equal_height=&#8221;yes&#8221; row_padding_top=&#8221;padding_top_none&#8221; row_padding_bottom=&#8221;padding_bottom_none&#8221;][vc_column width=&#8221;1\/2&#8243;][vc_single_image image=&#8221;1893&#8243; img_size=&#8221;full&#8221; alignment=&#8221;center&#8221;]<div class=\"heading_group_sc wpb_content_element subtitle_bottom    text-left\">\n\n\n    <h3><b>AREA CALISTHENICS-CAPOEIRA<\/b><\/h3>\n\n\n        <span class=\"subtitle\"><\/span>\n\n<\/div>[vc_column_text]Direttamente sul mare, un manto erboso attrezzato per trazioni alla sbarra, push-up bar, scala orizzontale, scala verticale, corda percorso ninja e panca per addominali.<br \/>\nL\u2019 area sportiva \u00e8 anche dotata di una zona\u00a0 per esercizi a corpo libero, yoga, capoeira e Animal Flow che pu\u00f2 ospitare una ventina di persone contemporaneamente.<br \/>\nAl Villa Dida troverete\u00a0 istruttori qualificati per ritrovare la propria forma fisica o semplicemente mantenerla. Potrete anche divertirvi provando discipline sportive come Animal Flow o Capoeira oppure richiedere un percorso di allenamento specifico con personal trainer.[\/vc_column_text][\/vc_column][vc_column width=&#8221;1\/2&#8243;][vc_single_image image=&#8221;1897&#8243; img_size=&#8221;full&#8221; alignment=&#8221;center&#8221;]<div class=\"heading_group_sc wpb_content_element subtitle_bottom    text-left\">\n\n\n    <h3><b>YOGA E ATTIVIT\u00c0 OLISTICHE<\/b><\/h3>\n\n\n        <span class=\"subtitle\"><\/span>\n\n<\/div>[vc_column_text]Villa Dida \u00e8 inoltre il posto ideale per gruppi di Yoga e attivit\u00e0 olistiche\u00a0 che vogliono con il proprio istruttore trascorrere una vacanza di gruppo, praticando la propria attivit\u00e0.[\/vc_column_text][\/vc_column][\/vc_row][vc_row css=&#8221;.vc_custom_1669367617396{margin-bottom: 80px !important;}&#8221;][vc_column][\/vc_column][\/vc_row]<\/p>\n","protected":false},"excerpt":{"rendered":"<p>[vc_row row_padding_bottom=&#8221;padding_bottom_none&#8221;][vc_column][vc_column_text]La struttura \u00e8 il luogo ideale per ritrovare la propria forma fisica e psicologica, eliminando ogni stress e purificando il corpo, da smog, inquinamento, elettromagnetismo e cibi industriali. E\u2019 possibile richiedere una dieta seconda le proprie esigenze e consultare al bar il menu dei nostri frullati e centrifugati energizzanti e detossicanti.\u00a0 A Villa Dida [&hellip;]<\/p>\n","protected":false},"author":3,"featured_media":1873,"parent":1477,"menu_order":7,"comment_status":"closed","ping_status":"closed","template":"","meta":{"footnotes":""},"yoast_head":"<!-- This site is optimized with the Yoast SEO plugin v21.2 - https:\/\/yoast.com\/wordpress\/plugins\/seo\/ -->\n<title>Sport &amp; Benessere - Villa Dida Resort<\/title>\n<meta name=\"robots\" content=\"index, follow, max-snippet:-1, max-image-preview:large, max-video-preview:-1\" \/>\n<link rel=\"canonical\" href=\"https:\/\/www.villadida.com\/it\/attivita\/sport-benessere\/\" \/>\n<meta property=\"og:locale\" content=\"it_IT\" \/>\n<meta property=\"og:type\" content=\"article\" \/>\n<meta property=\"og:title\" content=\"Sport &amp; Benessere - Villa Dida Resort\" \/>\n<meta property=\"og:description\" content=\"[vc_row row_padding_bottom=&#8221;padding_bottom_none&#8221;][vc_column][vc_column_text]La struttura \u00e8 il luogo ideale per ritrovare la propria forma fisica e psicologica, eliminando ogni stress e purificando il corpo, da smog, inquinamento, elettromagnetismo e cibi industriali. E\u2019 possibile richiedere una dieta seconda le proprie esigenze e consultare al bar il menu dei nostri frullati e centrifugati energizzanti e detossicanti.\u00a0 A Villa Dida [&hellip;]\" \/>\n<meta property=\"og:url\" content=\"https:\/\/www.villadida.com\/it\/attivita\/sport-benessere\/\" \/>\n<meta property=\"og:site_name\" content=\"Villa Dida Resort\" \/>\n<meta property=\"article:modified_time\" content=\"2022-12-06T10:54:59+00:00\" \/>\n<meta property=\"og:image\" content=\"https:\/\/www.villadida.com\/wp-content\/uploads\/2022\/11\/titolo-sport-1.jpg\" \/>\n\t<meta property=\"og:image:width\" content=\"1920\" \/>\n\t<meta property=\"og:image:height\" content=\"450\" \/>\n\t<meta property=\"og:image:type\" content=\"image\/jpeg\" \/>\n<meta name=\"twitter:card\" content=\"summary_large_image\" \/>\n<meta name=\"twitter:label1\" content=\"Tempo di lettura stimato\" \/>\n\t<meta name=\"twitter:data1\" content=\"4 minuti\" \/>\n<script type=\"application\/ld+json\" class=\"yoast-schema-graph\">{\"@context\":\"https:\/\/schema.org\",\"@graph\":[{\"@type\":\"WebPage\",\"@id\":\"https:\/\/www.villadida.com\/it\/attivita\/sport-benessere\/\",\"url\":\"https:\/\/www.villadida.com\/it\/attivita\/sport-benessere\/\",\"name\":\"Sport & Benessere - Villa Dida Resort\",\"isPartOf\":{\"@id\":\"https:\/\/www.villadida.com\/it\/#website\"},\"datePublished\":\"2022-11-25T08:30:31+00:00\",\"dateModified\":\"2022-12-06T10:54:59+00:00\",\"breadcrumb\":{\"@id\":\"https:\/\/www.villadida.com\/it\/attivita\/sport-benessere\/#breadcrumb\"},\"inLanguage\":\"it-IT\",\"potentialAction\":[{\"@type\":\"ReadAction\",\"target\":[\"https:\/\/www.villadida.com\/it\/attivita\/sport-benessere\/\"]}]},{\"@type\":\"BreadcrumbList\",\"@id\":\"https:\/\/www.villadida.com\/it\/attivita\/sport-benessere\/#breadcrumb\",\"itemListElement\":[{\"@type\":\"ListItem\",\"position\":1,\"name\":\"Home\",\"item\":\"https:\/\/www.villadida.com\/it\/\"},{\"@type\":\"ListItem\",\"position\":2,\"name\":\"Attivit\u00e0\",\"item\":\"https:\/\/www.villadida.com\/it\/attivita\/\"},{\"@type\":\"ListItem\",\"position\":3,\"name\":\"Sport &#038; Benessere\"}]},{\"@type\":\"WebSite\",\"@id\":\"https:\/\/www.villadida.com\/it\/#website\",\"url\":\"https:\/\/www.villadida.com\/it\/\",\"name\":\"Villa Dida Resort\",\"description\":\"Il tuo resort da sogno a Zanzibar\",\"publisher\":{\"@id\":\"https:\/\/www.villadida.com\/it\/#organization\"},\"potentialAction\":[{\"@type\":\"SearchAction\",\"target\":{\"@type\":\"EntryPoint\",\"urlTemplate\":\"https:\/\/www.villadida.com\/it\/?s={search_term_string}\"},\"query-input\":\"required name=search_term_string\"}],\"inLanguage\":\"it-IT\"},{\"@type\":\"Organization\",\"@id\":\"https:\/\/www.villadida.com\/it\/#organization\",\"name\":\"Villa Dida Resort\",\"url\":\"https:\/\/www.villadida.com\/it\/\",\"logo\":{\"@type\":\"ImageObject\",\"inLanguage\":\"it-IT\",\"@id\":\"https:\/\/www.villadida.com\/it\/#\/schema\/logo\/image\/\",\"url\":\"https:\/\/www.villadida.com\/wp-content\/uploads\/2022\/12\/favicon.png\",\"contentUrl\":\"https:\/\/www.villadida.com\/wp-content\/uploads\/2022\/12\/favicon.png\",\"width\":512,\"height\":512,\"caption\":\"Villa Dida Resort\"},\"image\":{\"@id\":\"https:\/\/www.villadida.com\/it\/#\/schema\/logo\/image\/\"}}]}<\/script>\n<!-- \/ Yoast SEO plugin. -->","yoast_head_json":{"title":"Sport & Benessere - Villa Dida Resort","robots":{"index":"index","follow":"follow","max-snippet":"max-snippet:-1","max-image-preview":"max-image-preview:large","max-video-preview":"max-video-preview:-1"},"canonical":"https:\/\/www.villadida.com\/it\/attivita\/sport-benessere\/","og_locale":"it_IT","og_type":"article","og_title":"Sport & Benessere - Villa Dida Resort","og_description":"[vc_row row_padding_bottom=&#8221;padding_bottom_none&#8221;][vc_column][vc_column_text]La struttura \u00e8 il luogo ideale per ritrovare la propria forma fisica e psicologica, eliminando ogni stress e purificando il corpo, da smog, inquinamento, elettromagnetismo e cibi industriali. E\u2019 possibile richiedere una dieta seconda le proprie esigenze e consultare al bar il menu dei nostri frullati e centrifugati energizzanti e detossicanti.\u00a0 A Villa Dida [&hellip;]","og_url":"https:\/\/www.villadida.com\/it\/attivita\/sport-benessere\/","og_site_name":"Villa Dida Resort","article_modified_time":"2022-12-06T10:54:59+00:00","og_image":[{"width":1920,"height":450,"url":"https:\/\/www.villadida.com\/wp-content\/uploads\/2022\/11\/titolo-sport-1.jpg","type":"image\/jpeg"}],"twitter_card":"summary_large_image","twitter_misc":{"Tempo di lettura stimato":"4 minuti"},"schema":{"@context":"https:\/\/schema.org","@graph":[{"@type":"WebPage","@id":"https:\/\/www.villadida.com\/it\/attivita\/sport-benessere\/","url":"https:\/\/www.villadida.com\/it\/attivita\/sport-benessere\/","name":"Sport & Benessere - Villa Dida Resort","isPartOf":{"@id":"https:\/\/www.villadida.com\/it\/#website"},"datePublished":"2022-11-25T08:30:31+00:00","dateModified":"2022-12-06T10:54:59+00:00","breadcrumb":{"@id":"https:\/\/www.villadida.com\/it\/attivita\/sport-benessere\/#breadcrumb"},"inLanguage":"it-IT","potentialAction":[{"@type":"ReadAction","target":["https:\/\/www.villadida.com\/it\/attivita\/sport-benessere\/"]}]},{"@type":"BreadcrumbList","@id":"https:\/\/www.villadida.com\/it\/attivita\/sport-benessere\/#breadcrumb","itemListElement":[{"@type":"ListItem","position":1,"name":"Home","item":"https:\/\/www.villadida.com\/it\/"},{"@type":"ListItem","position":2,"name":"Attivit\u00e0","item":"https:\/\/www.villadida.com\/it\/attivita\/"},{"@type":"ListItem","position":3,"name":"Sport &#038; Benessere"}]},{"@type":"WebSite","@id":"https:\/\/www.villadida.com\/it\/#website","url":"https:\/\/www.villadida.com\/it\/","name":"Villa Dida Resort","description":"Il tuo resort da sogno a Zanzibar","publisher":{"@id":"https:\/\/www.villadida.com\/it\/#organization"},"potentialAction":[{"@type":"SearchAction","target":{"@type":"EntryPoint","urlTemplate":"https:\/\/www.villadida.com\/it\/?s={search_term_string}"},"query-input":"required name=search_term_string"}],"inLanguage":"it-IT"},{"@type":"Organization","@id":"https:\/\/www.villadida.com\/it\/#organization","name":"Villa Dida Resort","url":"https:\/\/www.villadida.com\/it\/","logo":{"@type":"ImageObject","inLanguage":"it-IT","@id":"https:\/\/www.villadida.com\/it\/#\/schema\/logo\/image\/","url":"https:\/\/www.villadida.com\/wp-content\/uploads\/2022\/12\/favicon.png","contentUrl":"https:\/\/www.villadida.com\/wp-content\/uploads\/2022\/12\/favicon.png","width":512,"height":512,"caption":"Villa Dida Resort"},"image":{"@id":"https:\/\/www.villadida.com\/it\/#\/schema\/logo\/image\/"}}]}},"_links":{"self":[{"href":"https:\/\/www.villadida.com\/it\/wp-json\/wp\/v2\/pages\/1870"}],"collection":[{"href":"https:\/\/www.villadida.com\/it\/wp-json\/wp\/v2\/pages"}],"about":[{"href":"https:\/\/www.villadida.com\/it\/wp-json\/wp\/v2\/types\/page"}],"author":[{"embeddable":true,"href":"https:\/\/www.villadida.com\/it\/wp-json\/wp\/v2\/users\/3"}],"replies":[{"embeddable":true,"href":"https:\/\/www.villadida.com\/it\/wp-json\/wp\/v2\/comments?post=1870"}],"version-history":[{"count":24,"href":"https:\/\/www.villadida.com\/it\/wp-json\/wp\/v2\/pages\/1870\/revisions"}],"predecessor-version":[{"id":2132,"href":"https:\/\/www.villadida.com\/it\/wp-json\/wp\/v2\/pages\/1870\/revisions\/2132"}],"up":[{"embeddable":true,"href":"https:\/\/www.villadida.com\/it\/wp-json\/wp\/v2\/pages\/1477"}],"wp:featuredmedia":[{"embeddable":true,"href":"https:\/\/www.villadida.com\/it\/wp-json\/wp\/v2\/media\/1873"}],"wp:attachment":[{"href":"https:\/\/www.villadida.com\/it\/wp-json\/wp\/v2\/media?parent=1870"}],"curies":[{"name":"wp","href":"https:\/\/api.w.org\/{rel}","templated":true}]}}