{"id":1720,"date":"2022-11-24T17:40:46","date_gmt":"2022-11-24T16:40:46","guid":{"rendered":"https:\/\/www.villadida.com\/?page_id=1720"},"modified":"2025-02-26T18:47:27","modified_gmt":"2025-02-26T17:47:27","slug":"semi-luxury-tent-beach-front","status":"publish","type":"page","link":"https:\/\/www.villadida.com\/it\/hotel-zanzibar\/semi-luxury-tent-beach-front\/","title":{"rendered":"Semi-Luxury Tent Beach Front"},"content":{"rendered":"<p>[vc_row row_padding_top=&#8221;padding_top_none&#8221; row_padding_bottom=&#8221;padding_bottom_none&#8221; el_class=&#8221;set-icone-rooms&#8221;][vc_column width=&#8221;1\/6&#8243;][vc_icon icon_fontawesome=&#8221;fas fa-fan&#8221; color=&#8221;custom&#8221; size=&#8221;lg&#8221; align=&#8221;center&#8221; custom_color=&#8221;#c5b788&#8243;][vc_column_text el_class=&#8221;iconame-room&#8221;]<\/p>\n<p style=\"text-align: center;\">Ventilatore a pala<\/p>\n<p>[\/vc_column_text][\/vc_column][vc_column width=&#8221;1\/6&#8243;][vc_icon icon_fontawesome=&#8221;fas fa-mug-hot&#8221; color=&#8221;custom&#8221; size=&#8221;lg&#8221; align=&#8221;center&#8221; custom_color=&#8221;#c5b788&#8243;][vc_column_text el_class=&#8221;iconame-room&#8221;]<\/p>\n<p style=\"text-align: center;\">Coffee Maker<\/p>\n<p>[\/vc_column_text][\/vc_column][vc_column width=&#8221;1\/6&#8243;][vc_icon icon_fontawesome=&#8221;fas fa-wine-bottle&#8221; color=&#8221;custom&#8221; size=&#8221;lg&#8221; align=&#8221;center&#8221; custom_color=&#8221;#c5b788&#8243;][vc_column_text el_class=&#8221;iconame-room&#8221;]<\/p>\n<p style=\"text-align: center;\">Frigo<\/p>\n<p>[\/vc_column_text][\/vc_column][vc_column width=&#8221;1\/6&#8243;][\/vc_column][vc_column width=&#8221;1\/6&#8243;][\/vc_column][vc_column width=&#8221;1\/6&#8243;][\/vc_column][\/vc_row][vc_row row_padding_top=&#8221;padding_top_none&#8221;][vc_column][vc_separator color=&#8221;custom&#8221; accent_color=&#8221;#c5b788&#8243; el_class=&#8221;separatore-scheda-camera&#8221;][vc_raw_html]JTVCcmxfZ2FsbGVyeSUyMGlkJTNEJTIyMjU0OCUyMiU1RA==[\/vc_raw_html][vc_column_text css=&#8221;.vc_custom_1669309210303{padding-top: 40px !important;}&#8221;]Sistemazione unica nel suo genere, autentica tenda in stile safari, con pavimento in legno e terrazzino fronte mare. E\u2019 un luogo estremamente romantico e wild, ideale per coppie che vogliono la privacy, dormendo con il suono delle onde dell\u2019oceano. E\u2019 estremamente arieggiata, poich\u00e9 si trova al primo piano sotto un tetto di foglie di palma (makuti) e di fronte al mare e per questa ragione non ha aria condizionata.<\/p>\n<p>Il Bagno privato \u00e8 dotato di doccia ampia matrimoniale dalla quale puoi vedere il mare, acqua calda e lavandino. Arredamento in legno antico della tanzania terraferma \u00e8 veramente un luogo dove passare una bellissima luna di miele. Al pianto terreno \u00e8 situato il beach bungalow e per questo per famiglie numerose, utilizzare entrambe le camere pu\u00f2 essere una ottima soluzione, per avere due camere separate ma attaccate, una sopra ed una sotto, senza altre persone vicino.<\/p>\n<p><strong>Arredamento e servizi:<br \/>\n<\/strong>letto a baldacchino, frigo, bagno privato con doccia e acqua calda, ventilatori a pala, sof\u00e0, terrazzo fronte mare con poltrone e tavolino.<\/p>\n<p><strong>Massima Occupazione 3 persone con la possibilit\u00e0 di aggiungere un letto singolo.<\/strong>[\/vc_column_text][\/vc_column][\/vc_row][vc_row full_width=&#8221;stretch_row&#8221; row_padding_top=&#8221;padding_top_none&#8221; row_padding_bottom=&#8221;padding_bottom_none&#8221; css=&#8221;.vc_custom_1671006026076{margin-bottom: 80px !important;background-color: #f2efe3 !important;}&#8221; el_class=&#8221;prenota-rooms&#8221;][vc_column width=&#8221;1\/4&#8243;]<div class=\"plethora_button wpb_content_element  bookroom text-center \">\n    <a href=\"https:\/\/www.villadida.com\/prenota\/\" class=\"btn-lg btn btn-inv btn-default  \" title=\"\"  target=\"_self\">\n\n        \n        PRENOTA\n        \n\n    <\/a>\n<\/div>[\/vc_column][vc_column width=&#8221;1\/4&#8243;]<div class=\"plethora_button wpb_content_element  bookroom text-left \">\n    <a href=\"https:\/\/www.villadida.com\/richiedi-informazioni\/\" class=\"btn-lg btn btn-default  \" title=\"\"  target=\"_self\">\n\n        \n        RICHIEDI INFORMAZIONI\n        \n\n    <\/a>\n<\/div>[\/vc_column][vc_column width=&#8221;1\/4&#8243;][\/vc_column][vc_column width=&#8221;1\/4&#8243;][\/vc_column][\/vc_row]<\/p>\n","protected":false},"excerpt":{"rendered":"<p>[vc_row row_padding_top=&#8221;padding_top_none&#8221; row_padding_bottom=&#8221;padding_bottom_none&#8221; el_class=&#8221;set-icone-rooms&#8221;][vc_column width=&#8221;1\/6&#8243;][vc_icon icon_fontawesome=&#8221;fas fa-fan&#8221; color=&#8221;custom&#8221; size=&#8221;lg&#8221; align=&#8221;center&#8221; custom_color=&#8221;#c5b788&#8243;][vc_column_text el_class=&#8221;iconame-room&#8221;] Ventilatore a pala [\/vc_column_text][\/vc_column][vc_column width=&#8221;1\/6&#8243;][vc_icon icon_fontawesome=&#8221;fas fa-mug-hot&#8221; color=&#8221;custom&#8221; size=&#8221;lg&#8221; align=&#8221;center&#8221; custom_color=&#8221;#c5b788&#8243;][vc_column_text el_class=&#8221;iconame-room&#8221;] Coffee Maker [\/vc_column_text][\/vc_column][vc_column width=&#8221;1\/6&#8243;][vc_icon icon_fontawesome=&#8221;fas fa-wine-bottle&#8221; color=&#8221;custom&#8221; size=&#8221;lg&#8221; align=&#8221;center&#8221; custom_color=&#8221;#c5b788&#8243;][vc_column_text el_class=&#8221;iconame-room&#8221;] Frigo [\/vc_column_text][\/vc_column][vc_column width=&#8221;1\/6&#8243;][\/vc_column][vc_column width=&#8221;1\/6&#8243;][\/vc_column][vc_column width=&#8221;1\/6&#8243;][\/vc_column][\/vc_row][vc_row row_padding_top=&#8221;padding_top_none&#8221;][vc_column][vc_separator color=&#8221;custom&#8221; accent_color=&#8221;#c5b788&#8243; el_class=&#8221;separatore-scheda-camera&#8221;][vc_raw_html]JTVCcmxfZ2FsbGVyeSUyMGlkJTNEJTIyMjU0OCUyMiU1RA==[\/vc_raw_html][vc_column_text css=&#8221;.vc_custom_1669309210303{padding-top: 40px !important;}&#8221;]Sistemazione unica nel suo genere, autentica tenda in stile [&hellip;]<\/p>\n","protected":false},"author":3,"featured_media":4816,"parent":1358,"menu_order":9,"comment_status":"closed","ping_status":"closed","template":"","meta":{"footnotes":""},"yoast_head":"<!-- This site is optimized with the Yoast SEO plugin v21.2 - https:\/\/yoast.com\/wordpress\/plugins\/seo\/ -->\n<title>Semi-Luxury Tent Beach Front - Villa Dida Resort<\/title>\n<meta name=\"robots\" content=\"index, follow, max-snippet:-1, max-image-preview:large, max-video-preview:-1\" \/>\n<link rel=\"canonical\" href=\"https:\/\/www.villadida.com\/it\/hotel-zanzibar\/semi-luxury-tent-beach-front\/\" \/>\n<meta property=\"og:locale\" content=\"it_IT\" \/>\n<meta property=\"og:type\" content=\"article\" \/>\n<meta property=\"og:title\" content=\"Semi-Luxury Tent Beach Front - Villa Dida Resort\" \/>\n<meta property=\"og:description\" content=\"[vc_row row_padding_top=&#8221;padding_top_none&#8221; row_padding_bottom=&#8221;padding_bottom_none&#8221; el_class=&#8221;set-icone-rooms&#8221;][vc_column width=&#8221;1\/6&#8243;][vc_icon icon_fontawesome=&#8221;fas fa-fan&#8221; color=&#8221;custom&#8221; size=&#8221;lg&#8221; align=&#8221;center&#8221; custom_color=&#8221;#c5b788&#8243;][vc_column_text el_class=&#8221;iconame-room&#8221;] Ventilatore a pala [\/vc_column_text][\/vc_column][vc_column width=&#8221;1\/6&#8243;][vc_icon icon_fontawesome=&#8221;fas fa-mug-hot&#8221; color=&#8221;custom&#8221; size=&#8221;lg&#8221; align=&#8221;center&#8221; custom_color=&#8221;#c5b788&#8243;][vc_column_text el_class=&#8221;iconame-room&#8221;] Coffee Maker [\/vc_column_text][\/vc_column][vc_column width=&#8221;1\/6&#8243;][vc_icon icon_fontawesome=&#8221;fas fa-wine-bottle&#8221; color=&#8221;custom&#8221; size=&#8221;lg&#8221; align=&#8221;center&#8221; custom_color=&#8221;#c5b788&#8243;][vc_column_text el_class=&#8221;iconame-room&#8221;] Frigo [\/vc_column_text][\/vc_column][vc_column width=&#8221;1\/6&#8243;][\/vc_column][vc_column width=&#8221;1\/6&#8243;][\/vc_column][vc_column width=&#8221;1\/6&#8243;][\/vc_column][\/vc_row][vc_row row_padding_top=&#8221;padding_top_none&#8221;][vc_column][vc_separator color=&#8221;custom&#8221; accent_color=&#8221;#c5b788&#8243; el_class=&#8221;separatore-scheda-camera&#8221;][vc_raw_html]JTVCcmxfZ2FsbGVyeSUyMGlkJTNEJTIyMjU0OCUyMiU1RA==[\/vc_raw_html][vc_column_text css=&#8221;.vc_custom_1669309210303{padding-top: 40px !important;}&#8221;]Sistemazione unica nel suo genere, autentica tenda in stile [&hellip;]\" \/>\n<meta property=\"og:url\" content=\"https:\/\/www.villadida.com\/it\/hotel-zanzibar\/semi-luxury-tent-beach-front\/\" \/>\n<meta property=\"og:site_name\" content=\"Villa Dida Resort\" \/>\n<meta property=\"article:modified_time\" content=\"2025-02-26T17:47:27+00:00\" \/>\n<meta property=\"og:image\" content=\"https:\/\/www.villadida.com\/wp-content\/uploads\/2025\/02\/luxury_tent_2-scaled.jpg\" \/>\n\t<meta property=\"og:image:width\" content=\"2560\" \/>\n\t<meta property=\"og:image:height\" content=\"1920\" \/>\n\t<meta property=\"og:image:type\" content=\"image\/jpeg\" \/>\n<meta name=\"twitter:card\" content=\"summary_large_image\" \/>\n<meta name=\"twitter:label1\" content=\"Tempo di lettura stimato\" \/>\n\t<meta name=\"twitter:data1\" content=\"2 minuti\" \/>\n<script type=\"application\/ld+json\" class=\"yoast-schema-graph\">{\"@context\":\"https:\/\/schema.org\",\"@graph\":[{\"@type\":\"WebPage\",\"@id\":\"https:\/\/www.villadida.com\/it\/hotel-zanzibar\/semi-luxury-tent-beach-front\/\",\"url\":\"https:\/\/www.villadida.com\/it\/hotel-zanzibar\/semi-luxury-tent-beach-front\/\",\"name\":\"Semi-Luxury Tent Beach Front - Villa Dida Resort\",\"isPartOf\":{\"@id\":\"https:\/\/www.villadida.com\/it\/#website\"},\"datePublished\":\"2022-11-24T16:40:46+00:00\",\"dateModified\":\"2025-02-26T17:47:27+00:00\",\"breadcrumb\":{\"@id\":\"https:\/\/www.villadida.com\/it\/hotel-zanzibar\/semi-luxury-tent-beach-front\/#breadcrumb\"},\"inLanguage\":\"it-IT\",\"potentialAction\":[{\"@type\":\"ReadAction\",\"target\":[\"https:\/\/www.villadida.com\/it\/hotel-zanzibar\/semi-luxury-tent-beach-front\/\"]}]},{\"@type\":\"BreadcrumbList\",\"@id\":\"https:\/\/www.villadida.com\/it\/hotel-zanzibar\/semi-luxury-tent-beach-front\/#breadcrumb\",\"itemListElement\":[{\"@type\":\"ListItem\",\"position\":1,\"name\":\"Home\",\"item\":\"https:\/\/www.villadida.com\/it\/\"},{\"@type\":\"ListItem\",\"position\":2,\"name\":\"Sistemazioni\",\"item\":\"https:\/\/www.villadida.com\/it\/hotel-zanzibar\/\"},{\"@type\":\"ListItem\",\"position\":3,\"name\":\"Semi-Luxury Tent Beach Front\"}]},{\"@type\":\"WebSite\",\"@id\":\"https:\/\/www.villadida.com\/it\/#website\",\"url\":\"https:\/\/www.villadida.com\/it\/\",\"name\":\"Villa Dida Resort\",\"description\":\"Il tuo resort da sogno a Zanzibar\",\"publisher\":{\"@id\":\"https:\/\/www.villadida.com\/it\/#organization\"},\"potentialAction\":[{\"@type\":\"SearchAction\",\"target\":{\"@type\":\"EntryPoint\",\"urlTemplate\":\"https:\/\/www.villadida.com\/it\/?s={search_term_string}\"},\"query-input\":\"required name=search_term_string\"}],\"inLanguage\":\"it-IT\"},{\"@type\":\"Organization\",\"@id\":\"https:\/\/www.villadida.com\/it\/#organization\",\"name\":\"Villa Dida Resort\",\"url\":\"https:\/\/www.villadida.com\/it\/\",\"logo\":{\"@type\":\"ImageObject\",\"inLanguage\":\"it-IT\",\"@id\":\"https:\/\/www.villadida.com\/it\/#\/schema\/logo\/image\/\",\"url\":\"https:\/\/www.villadida.com\/wp-content\/uploads\/2022\/12\/favicon.png\",\"contentUrl\":\"https:\/\/www.villadida.com\/wp-content\/uploads\/2022\/12\/favicon.png\",\"width\":512,\"height\":512,\"caption\":\"Villa Dida Resort\"},\"image\":{\"@id\":\"https:\/\/www.villadida.com\/it\/#\/schema\/logo\/image\/\"}}]}<\/script>\n<!-- \/ Yoast SEO plugin. -->","yoast_head_json":{"title":"Semi-Luxury Tent Beach Front - Villa Dida Resort","robots":{"index":"index","follow":"follow","max-snippet":"max-snippet:-1","max-image-preview":"max-image-preview:large","max-video-preview":"max-video-preview:-1"},"canonical":"https:\/\/www.villadida.com\/it\/hotel-zanzibar\/semi-luxury-tent-beach-front\/","og_locale":"it_IT","og_type":"article","og_title":"Semi-Luxury Tent Beach Front - Villa Dida Resort","og_description":"[vc_row row_padding_top=&#8221;padding_top_none&#8221; row_padding_bottom=&#8221;padding_bottom_none&#8221; el_class=&#8221;set-icone-rooms&#8221;][vc_column width=&#8221;1\/6&#8243;][vc_icon icon_fontawesome=&#8221;fas fa-fan&#8221; color=&#8221;custom&#8221; size=&#8221;lg&#8221; align=&#8221;center&#8221; custom_color=&#8221;#c5b788&#8243;][vc_column_text el_class=&#8221;iconame-room&#8221;] Ventilatore a pala [\/vc_column_text][\/vc_column][vc_column width=&#8221;1\/6&#8243;][vc_icon icon_fontawesome=&#8221;fas fa-mug-hot&#8221; color=&#8221;custom&#8221; size=&#8221;lg&#8221; align=&#8221;center&#8221; custom_color=&#8221;#c5b788&#8243;][vc_column_text el_class=&#8221;iconame-room&#8221;] Coffee Maker [\/vc_column_text][\/vc_column][vc_column width=&#8221;1\/6&#8243;][vc_icon icon_fontawesome=&#8221;fas fa-wine-bottle&#8221; color=&#8221;custom&#8221; size=&#8221;lg&#8221; align=&#8221;center&#8221; custom_color=&#8221;#c5b788&#8243;][vc_column_text el_class=&#8221;iconame-room&#8221;] Frigo [\/vc_column_text][\/vc_column][vc_column width=&#8221;1\/6&#8243;][\/vc_column][vc_column width=&#8221;1\/6&#8243;][\/vc_column][vc_column width=&#8221;1\/6&#8243;][\/vc_column][\/vc_row][vc_row row_padding_top=&#8221;padding_top_none&#8221;][vc_column][vc_separator color=&#8221;custom&#8221; accent_color=&#8221;#c5b788&#8243; el_class=&#8221;separatore-scheda-camera&#8221;][vc_raw_html]JTVCcmxfZ2FsbGVyeSUyMGlkJTNEJTIyMjU0OCUyMiU1RA==[\/vc_raw_html][vc_column_text css=&#8221;.vc_custom_1669309210303{padding-top: 40px !important;}&#8221;]Sistemazione unica nel suo genere, autentica tenda in stile [&hellip;]","og_url":"https:\/\/www.villadida.com\/it\/hotel-zanzibar\/semi-luxury-tent-beach-front\/","og_site_name":"Villa Dida Resort","article_modified_time":"2025-02-26T17:47:27+00:00","og_image":[{"width":2560,"height":1920,"url":"https:\/\/www.villadida.com\/wp-content\/uploads\/2025\/02\/luxury_tent_2-scaled.jpg","type":"image\/jpeg"}],"twitter_card":"summary_large_image","twitter_misc":{"Tempo di lettura stimato":"2 minuti"},"schema":{"@context":"https:\/\/schema.org","@graph":[{"@type":"WebPage","@id":"https:\/\/www.villadida.com\/it\/hotel-zanzibar\/semi-luxury-tent-beach-front\/","url":"https:\/\/www.villadida.com\/it\/hotel-zanzibar\/semi-luxury-tent-beach-front\/","name":"Semi-Luxury Tent Beach Front - Villa Dida Resort","isPartOf":{"@id":"https:\/\/www.villadida.com\/it\/#website"},"datePublished":"2022-11-24T16:40:46+00:00","dateModified":"2025-02-26T17:47:27+00:00","breadcrumb":{"@id":"https:\/\/www.villadida.com\/it\/hotel-zanzibar\/semi-luxury-tent-beach-front\/#breadcrumb"},"inLanguage":"it-IT","potentialAction":[{"@type":"ReadAction","target":["https:\/\/www.villadida.com\/it\/hotel-zanzibar\/semi-luxury-tent-beach-front\/"]}]},{"@type":"BreadcrumbList","@id":"https:\/\/www.villadida.com\/it\/hotel-zanzibar\/semi-luxury-tent-beach-front\/#breadcrumb","itemListElement":[{"@type":"ListItem","position":1,"name":"Home","item":"https:\/\/www.villadida.com\/it\/"},{"@type":"ListItem","position":2,"name":"Sistemazioni","item":"https:\/\/www.villadida.com\/it\/hotel-zanzibar\/"},{"@type":"ListItem","position":3,"name":"Semi-Luxury Tent Beach Front"}]},{"@type":"WebSite","@id":"https:\/\/www.villadida.com\/it\/#website","url":"https:\/\/www.villadida.com\/it\/","name":"Villa Dida Resort","description":"Il tuo resort da sogno a Zanzibar","publisher":{"@id":"https:\/\/www.villadida.com\/it\/#organization"},"potentialAction":[{"@type":"SearchAction","target":{"@type":"EntryPoint","urlTemplate":"https:\/\/www.villadida.com\/it\/?s={search_term_string}"},"query-input":"required name=search_term_string"}],"inLanguage":"it-IT"},{"@type":"Organization","@id":"https:\/\/www.villadida.com\/it\/#organization","name":"Villa Dida Resort","url":"https:\/\/www.villadida.com\/it\/","logo":{"@type":"ImageObject","inLanguage":"it-IT","@id":"https:\/\/www.villadida.com\/it\/#\/schema\/logo\/image\/","url":"https:\/\/www.villadida.com\/wp-content\/uploads\/2022\/12\/favicon.png","contentUrl":"https:\/\/www.villadida.com\/wp-content\/uploads\/2022\/12\/favicon.png","width":512,"height":512,"caption":"Villa Dida Resort"},"image":{"@id":"https:\/\/www.villadida.com\/it\/#\/schema\/logo\/image\/"}}]}},"_links":{"self":[{"href":"https:\/\/www.villadida.com\/it\/wp-json\/wp\/v2\/pages\/1720"}],"collection":[{"href":"https:\/\/www.villadida.com\/it\/wp-json\/wp\/v2\/pages"}],"about":[{"href":"https:\/\/www.villadida.com\/it\/wp-json\/wp\/v2\/types\/page"}],"author":[{"embeddable":true,"href":"https:\/\/www.villadida.com\/it\/wp-json\/wp\/v2\/users\/3"}],"replies":[{"embeddable":true,"href":"https:\/\/www.villadida.com\/it\/wp-json\/wp\/v2\/comments?post=1720"}],"version-history":[{"count":6,"href":"https:\/\/www.villadida.com\/it\/wp-json\/wp\/v2\/pages\/1720\/revisions"}],"predecessor-version":[{"id":2578,"href":"https:\/\/www.villadida.com\/it\/wp-json\/wp\/v2\/pages\/1720\/revisions\/2578"}],"up":[{"embeddable":true,"href":"https:\/\/www.villadida.com\/it\/wp-json\/wp\/v2\/pages\/1358"}],"wp:featuredmedia":[{"embeddable":true,"href":"https:\/\/www.villadida.com\/it\/wp-json\/wp\/v2\/media\/4816"}],"wp:attachment":[{"href":"https:\/\/www.villadida.com\/it\/wp-json\/wp\/v2\/media?parent=1720"}],"curies":[{"name":"wp","href":"https:\/\/api.w.org\/{rel}","templated":true}]}}