{"id":1638,"date":"2022-11-24T11:37:38","date_gmt":"2022-11-24T10:37:38","guid":{"rendered":"https:\/\/www.villadida.com\/?page_id=1638"},"modified":"2023-03-29T12:54:57","modified_gmt":"2023-03-29T10:54:57","slug":"comfort-room-garden-view","status":"publish","type":"page","link":"https:\/\/www.villadida.com\/it\/hotel-zanzibar\/comfort-room-garden-view\/","title":{"rendered":"Comfort Room Garden View"},"content":{"rendered":"<p>[vc_row row_padding_top=&#8221;padding_top_none&#8221; row_padding_bottom=&#8221;padding_bottom_none&#8221; el_class=&#8221;set-icone-rooms&#8221;][vc_column width=&#8221;1\/6&#8243;][vc_icon icon_fontawesome=&#8221;far fa-snowflake&#8221; color=&#8221;custom&#8221; size=&#8221;lg&#8221; align=&#8221;center&#8221; custom_color=&#8221;#c5b788&#8243;][vc_column_text el_class=&#8221;iconame-room&#8221;]<\/p>\n<p style=\"text-align: center;\">Aria Condizionata<\/p>\n<p>[\/vc_column_text][\/vc_column][vc_column width=&#8221;1\/6&#8243;][vc_icon icon_fontawesome=&#8221;fas fa-fan&#8221; color=&#8221;custom&#8221; size=&#8221;lg&#8221; align=&#8221;center&#8221; custom_color=&#8221;#c5b788&#8243;][vc_column_text el_class=&#8221;iconame-room&#8221;]<\/p>\n<p style=\"text-align: center;\">Ventilatore<\/p>\n<p>[\/vc_column_text][\/vc_column][vc_column width=&#8221;1\/6&#8243;][vc_icon icon_fontawesome=&#8221;fas fa-wine-bottle&#8221; color=&#8221;custom&#8221; size=&#8221;lg&#8221; align=&#8221;center&#8221; custom_color=&#8221;#c5b788&#8243;][vc_column_text el_class=&#8221;iconame-room&#8221;]<\/p>\n<p style=\"text-align: center;\">Frigo<\/p>\n<p>[\/vc_column_text][\/vc_column][vc_column width=&#8221;1\/6&#8243;][\/vc_column][vc_column width=&#8221;1\/6&#8243;][\/vc_column][vc_column width=&#8221;1\/6&#8243;][\/vc_column][\/vc_row][vc_row row_padding_top=&#8221;padding_top_none&#8221;][vc_column][vc_separator color=&#8221;custom&#8221; accent_color=&#8221;#c5b788&#8243; el_class=&#8221;separatore-scheda-camera&#8221;][vc_raw_html]JTVCcmxfZ2FsbGVyeSUyMGlkJTNEJTIyMjQ3MCUyMiU1RA==[\/vc_raw_html][vc_column_text css=&#8221;.vc_custom_1669287944281{padding-top: 40px !important;}&#8221;]E\u2019 l\u2019unica camera che non ha vista diretta sul mare. E\u2019 quindi la camera pi\u00f9 economica e spesso \u00e8 in sold out perch\u00e9 \u00e8 appunto l\u2019unica.<\/p>\n<p>E\u2019 dotata di tutti i comfort ed ha molta privacy avendo due ingressi uno dal giardino privato ed uno dal corridoio come le altre camere. Nel piccolo giardino privato vi \u00e8 un divano con tavolino ed un ombrellone per rilassarsi in totale privacy. La camera ha un piccolo corridoio privato tra la zona notte ed il bagno.<\/p>\n<p>Come tutte le camere comfort \u00e8 dotata di doccia, acqua calda, frigo, aria condizionata, ventilatore a pala e letto matrimoniale Queen Size.<\/p>\n<p><strong>Massima occupazione 2 persone e non \u00e8 possibile mettere due letti singoli.<\/strong>[\/vc_column_text][\/vc_column][\/vc_row][vc_row full_width=&#8221;stretch_row&#8221; row_padding_top=&#8221;padding_top_none&#8221; row_padding_bottom=&#8221;padding_bottom_none&#8221; css=&#8221;.vc_custom_1671005638429{margin-bottom: 80px !important;background-color: #f2efe3 !important;}&#8221; el_class=&#8221;prenota-rooms&#8221;][vc_column width=&#8221;1\/4&#8243;]<div class=\"plethora_button wpb_content_element  bookroom text-center \">\n    <a href=\"https:\/\/www.villadida.com\/prenota\/\" class=\"btn-lg btn btn-inv btn-default  \" title=\"\"  target=\"_self\">\n\n        \n        PRENOTA\n        \n\n    <\/a>\n<\/div>[\/vc_column][vc_column width=&#8221;1\/4&#8243;]<div class=\"plethora_button wpb_content_element  bookroom text-left \">\n    <a href=\"https:\/\/www.villadida.com\/richiedi-informazioni\/\" class=\"btn-lg btn btn-default  \" title=\"\"  target=\"_self\">\n\n        \n        RICHIEDI INFORMAZIONI\n        \n\n    <\/a>\n<\/div>[\/vc_column][vc_column width=&#8221;1\/4&#8243;][\/vc_column][vc_column width=&#8221;1\/4&#8243;][\/vc_column][\/vc_row]<\/p>\n","protected":false},"excerpt":{"rendered":"<p>[vc_row row_padding_top=&#8221;padding_top_none&#8221; row_padding_bottom=&#8221;padding_bottom_none&#8221; el_class=&#8221;set-icone-rooms&#8221;][vc_column width=&#8221;1\/6&#8243;][vc_icon icon_fontawesome=&#8221;far fa-snowflake&#8221; color=&#8221;custom&#8221; size=&#8221;lg&#8221; align=&#8221;center&#8221; custom_color=&#8221;#c5b788&#8243;][vc_column_text el_class=&#8221;iconame-room&#8221;] Aria Condizionata [\/vc_column_text][\/vc_column][vc_column width=&#8221;1\/6&#8243;][vc_icon icon_fontawesome=&#8221;fas fa-fan&#8221; color=&#8221;custom&#8221; size=&#8221;lg&#8221; align=&#8221;center&#8221; custom_color=&#8221;#c5b788&#8243;][vc_column_text el_class=&#8221;iconame-room&#8221;] Ventilatore [\/vc_column_text][\/vc_column][vc_column width=&#8221;1\/6&#8243;][vc_icon icon_fontawesome=&#8221;fas fa-wine-bottle&#8221; color=&#8221;custom&#8221; size=&#8221;lg&#8221; align=&#8221;center&#8221; custom_color=&#8221;#c5b788&#8243;][vc_column_text el_class=&#8221;iconame-room&#8221;] Frigo [\/vc_column_text][\/vc_column][vc_column width=&#8221;1\/6&#8243;][\/vc_column][vc_column width=&#8221;1\/6&#8243;][\/vc_column][vc_column width=&#8221;1\/6&#8243;][\/vc_column][\/vc_row][vc_row row_padding_top=&#8221;padding_top_none&#8221;][vc_column][vc_separator color=&#8221;custom&#8221; accent_color=&#8221;#c5b788&#8243; el_class=&#8221;separatore-scheda-camera&#8221;][vc_raw_html]JTVCcmxfZ2FsbGVyeSUyMGlkJTNEJTIyMjQ3MCUyMiU1RA==[\/vc_raw_html][vc_column_text css=&#8221;.vc_custom_1669287944281{padding-top: 40px !important;}&#8221;]E\u2019 l\u2019unica camera che non ha vista diretta sul mare. E\u2019 [&hellip;]<\/p>\n","protected":false},"author":3,"featured_media":1841,"parent":1358,"menu_order":1,"comment_status":"closed","ping_status":"closed","template":"","meta":{"footnotes":""},"yoast_head":"<!-- This site is optimized with the Yoast SEO plugin v21.2 - https:\/\/yoast.com\/wordpress\/plugins\/seo\/ -->\n<title>Comfort Room Garden View - Villa Dida Resort<\/title>\n<meta name=\"robots\" content=\"index, follow, max-snippet:-1, max-image-preview:large, max-video-preview:-1\" \/>\n<link rel=\"canonical\" href=\"https:\/\/www.villadida.com\/it\/hotel-zanzibar\/comfort-room-garden-view\/\" \/>\n<meta property=\"og:locale\" content=\"it_IT\" \/>\n<meta property=\"og:type\" content=\"article\" \/>\n<meta property=\"og:title\" content=\"Comfort Room Garden View - Villa Dida Resort\" \/>\n<meta property=\"og:description\" content=\"[vc_row row_padding_top=&#8221;padding_top_none&#8221; row_padding_bottom=&#8221;padding_bottom_none&#8221; el_class=&#8221;set-icone-rooms&#8221;][vc_column width=&#8221;1\/6&#8243;][vc_icon icon_fontawesome=&#8221;far fa-snowflake&#8221; color=&#8221;custom&#8221; size=&#8221;lg&#8221; align=&#8221;center&#8221; custom_color=&#8221;#c5b788&#8243;][vc_column_text el_class=&#8221;iconame-room&#8221;] Aria Condizionata [\/vc_column_text][\/vc_column][vc_column width=&#8221;1\/6&#8243;][vc_icon icon_fontawesome=&#8221;fas fa-fan&#8221; color=&#8221;custom&#8221; size=&#8221;lg&#8221; align=&#8221;center&#8221; custom_color=&#8221;#c5b788&#8243;][vc_column_text el_class=&#8221;iconame-room&#8221;] Ventilatore [\/vc_column_text][\/vc_column][vc_column width=&#8221;1\/6&#8243;][vc_icon icon_fontawesome=&#8221;fas fa-wine-bottle&#8221; color=&#8221;custom&#8221; size=&#8221;lg&#8221; align=&#8221;center&#8221; custom_color=&#8221;#c5b788&#8243;][vc_column_text el_class=&#8221;iconame-room&#8221;] Frigo [\/vc_column_text][\/vc_column][vc_column width=&#8221;1\/6&#8243;][\/vc_column][vc_column width=&#8221;1\/6&#8243;][\/vc_column][vc_column width=&#8221;1\/6&#8243;][\/vc_column][\/vc_row][vc_row row_padding_top=&#8221;padding_top_none&#8221;][vc_column][vc_separator color=&#8221;custom&#8221; accent_color=&#8221;#c5b788&#8243; el_class=&#8221;separatore-scheda-camera&#8221;][vc_raw_html]JTVCcmxfZ2FsbGVyeSUyMGlkJTNEJTIyMjQ3MCUyMiU1RA==[\/vc_raw_html][vc_column_text css=&#8221;.vc_custom_1669287944281{padding-top: 40px !important;}&#8221;]E\u2019 l\u2019unica camera che non ha vista diretta sul mare. E\u2019 [&hellip;]\" \/>\n<meta property=\"og:url\" content=\"https:\/\/www.villadida.com\/it\/hotel-zanzibar\/comfort-room-garden-view\/\" \/>\n<meta property=\"og:site_name\" content=\"Villa Dida Resort\" \/>\n<meta property=\"article:modified_time\" content=\"2023-03-29T10:54:57+00:00\" \/>\n<meta property=\"og:image\" content=\"https:\/\/www.villadida.com\/wp-content\/uploads\/2022\/11\/camere-title-comfort.jpg\" \/>\n\t<meta property=\"og:image:width\" content=\"1920\" \/>\n\t<meta property=\"og:image:height\" content=\"450\" \/>\n\t<meta property=\"og:image:type\" content=\"image\/jpeg\" \/>\n<meta name=\"twitter:card\" content=\"summary_large_image\" \/>\n<meta name=\"twitter:label1\" content=\"Tempo di lettura stimato\" \/>\n\t<meta name=\"twitter:data1\" content=\"2 minuti\" \/>\n<script type=\"application\/ld+json\" class=\"yoast-schema-graph\">{\"@context\":\"https:\/\/schema.org\",\"@graph\":[{\"@type\":\"WebPage\",\"@id\":\"https:\/\/www.villadida.com\/it\/hotel-zanzibar\/comfort-room-garden-view\/\",\"url\":\"https:\/\/www.villadida.com\/it\/hotel-zanzibar\/comfort-room-garden-view\/\",\"name\":\"Comfort Room Garden View - Villa Dida Resort\",\"isPartOf\":{\"@id\":\"https:\/\/www.villadida.com\/it\/#website\"},\"datePublished\":\"2022-11-24T10:37:38+00:00\",\"dateModified\":\"2023-03-29T10:54:57+00:00\",\"breadcrumb\":{\"@id\":\"https:\/\/www.villadida.com\/it\/hotel-zanzibar\/comfort-room-garden-view\/#breadcrumb\"},\"inLanguage\":\"it-IT\",\"potentialAction\":[{\"@type\":\"ReadAction\",\"target\":[\"https:\/\/www.villadida.com\/it\/hotel-zanzibar\/comfort-room-garden-view\/\"]}]},{\"@type\":\"BreadcrumbList\",\"@id\":\"https:\/\/www.villadida.com\/it\/hotel-zanzibar\/comfort-room-garden-view\/#breadcrumb\",\"itemListElement\":[{\"@type\":\"ListItem\",\"position\":1,\"name\":\"Home\",\"item\":\"https:\/\/www.villadida.com\/it\/\"},{\"@type\":\"ListItem\",\"position\":2,\"name\":\"Sistemazioni\",\"item\":\"https:\/\/www.villadida.com\/it\/hotel-zanzibar\/\"},{\"@type\":\"ListItem\",\"position\":3,\"name\":\"Comfort Room Garden View\"}]},{\"@type\":\"WebSite\",\"@id\":\"https:\/\/www.villadida.com\/it\/#website\",\"url\":\"https:\/\/www.villadida.com\/it\/\",\"name\":\"Villa Dida Resort\",\"description\":\"Il tuo resort da sogno a Zanzibar\",\"publisher\":{\"@id\":\"https:\/\/www.villadida.com\/it\/#organization\"},\"potentialAction\":[{\"@type\":\"SearchAction\",\"target\":{\"@type\":\"EntryPoint\",\"urlTemplate\":\"https:\/\/www.villadida.com\/it\/?s={search_term_string}\"},\"query-input\":\"required name=search_term_string\"}],\"inLanguage\":\"it-IT\"},{\"@type\":\"Organization\",\"@id\":\"https:\/\/www.villadida.com\/it\/#organization\",\"name\":\"Villa Dida Resort\",\"url\":\"https:\/\/www.villadida.com\/it\/\",\"logo\":{\"@type\":\"ImageObject\",\"inLanguage\":\"it-IT\",\"@id\":\"https:\/\/www.villadida.com\/it\/#\/schema\/logo\/image\/\",\"url\":\"https:\/\/www.villadida.com\/wp-content\/uploads\/2022\/12\/favicon.png\",\"contentUrl\":\"https:\/\/www.villadida.com\/wp-content\/uploads\/2022\/12\/favicon.png\",\"width\":512,\"height\":512,\"caption\":\"Villa Dida Resort\"},\"image\":{\"@id\":\"https:\/\/www.villadida.com\/it\/#\/schema\/logo\/image\/\"}}]}<\/script>\n<!-- \/ Yoast SEO plugin. -->","yoast_head_json":{"title":"Comfort Room Garden View - Villa Dida Resort","robots":{"index":"index","follow":"follow","max-snippet":"max-snippet:-1","max-image-preview":"max-image-preview:large","max-video-preview":"max-video-preview:-1"},"canonical":"https:\/\/www.villadida.com\/it\/hotel-zanzibar\/comfort-room-garden-view\/","og_locale":"it_IT","og_type":"article","og_title":"Comfort Room Garden View - Villa Dida Resort","og_description":"[vc_row row_padding_top=&#8221;padding_top_none&#8221; row_padding_bottom=&#8221;padding_bottom_none&#8221; el_class=&#8221;set-icone-rooms&#8221;][vc_column width=&#8221;1\/6&#8243;][vc_icon icon_fontawesome=&#8221;far fa-snowflake&#8221; color=&#8221;custom&#8221; size=&#8221;lg&#8221; align=&#8221;center&#8221; custom_color=&#8221;#c5b788&#8243;][vc_column_text el_class=&#8221;iconame-room&#8221;] Aria Condizionata [\/vc_column_text][\/vc_column][vc_column width=&#8221;1\/6&#8243;][vc_icon icon_fontawesome=&#8221;fas fa-fan&#8221; color=&#8221;custom&#8221; size=&#8221;lg&#8221; align=&#8221;center&#8221; custom_color=&#8221;#c5b788&#8243;][vc_column_text el_class=&#8221;iconame-room&#8221;] Ventilatore [\/vc_column_text][\/vc_column][vc_column width=&#8221;1\/6&#8243;][vc_icon icon_fontawesome=&#8221;fas fa-wine-bottle&#8221; color=&#8221;custom&#8221; size=&#8221;lg&#8221; align=&#8221;center&#8221; custom_color=&#8221;#c5b788&#8243;][vc_column_text el_class=&#8221;iconame-room&#8221;] Frigo [\/vc_column_text][\/vc_column][vc_column width=&#8221;1\/6&#8243;][\/vc_column][vc_column width=&#8221;1\/6&#8243;][\/vc_column][vc_column width=&#8221;1\/6&#8243;][\/vc_column][\/vc_row][vc_row row_padding_top=&#8221;padding_top_none&#8221;][vc_column][vc_separator color=&#8221;custom&#8221; accent_color=&#8221;#c5b788&#8243; el_class=&#8221;separatore-scheda-camera&#8221;][vc_raw_html]JTVCcmxfZ2FsbGVyeSUyMGlkJTNEJTIyMjQ3MCUyMiU1RA==[\/vc_raw_html][vc_column_text css=&#8221;.vc_custom_1669287944281{padding-top: 40px !important;}&#8221;]E\u2019 l\u2019unica camera che non ha vista diretta sul mare. E\u2019 [&hellip;]","og_url":"https:\/\/www.villadida.com\/it\/hotel-zanzibar\/comfort-room-garden-view\/","og_site_name":"Villa Dida Resort","article_modified_time":"2023-03-29T10:54:57+00:00","og_image":[{"width":1920,"height":450,"url":"https:\/\/www.villadida.com\/wp-content\/uploads\/2022\/11\/camere-title-comfort.jpg","type":"image\/jpeg"}],"twitter_card":"summary_large_image","twitter_misc":{"Tempo di lettura stimato":"2 minuti"},"schema":{"@context":"https:\/\/schema.org","@graph":[{"@type":"WebPage","@id":"https:\/\/www.villadida.com\/it\/hotel-zanzibar\/comfort-room-garden-view\/","url":"https:\/\/www.villadida.com\/it\/hotel-zanzibar\/comfort-room-garden-view\/","name":"Comfort Room Garden View - Villa Dida Resort","isPartOf":{"@id":"https:\/\/www.villadida.com\/it\/#website"},"datePublished":"2022-11-24T10:37:38+00:00","dateModified":"2023-03-29T10:54:57+00:00","breadcrumb":{"@id":"https:\/\/www.villadida.com\/it\/hotel-zanzibar\/comfort-room-garden-view\/#breadcrumb"},"inLanguage":"it-IT","potentialAction":[{"@type":"ReadAction","target":["https:\/\/www.villadida.com\/it\/hotel-zanzibar\/comfort-room-garden-view\/"]}]},{"@type":"BreadcrumbList","@id":"https:\/\/www.villadida.com\/it\/hotel-zanzibar\/comfort-room-garden-view\/#breadcrumb","itemListElement":[{"@type":"ListItem","position":1,"name":"Home","item":"https:\/\/www.villadida.com\/it\/"},{"@type":"ListItem","position":2,"name":"Sistemazioni","item":"https:\/\/www.villadida.com\/it\/hotel-zanzibar\/"},{"@type":"ListItem","position":3,"name":"Comfort Room Garden View"}]},{"@type":"WebSite","@id":"https:\/\/www.villadida.com\/it\/#website","url":"https:\/\/www.villadida.com\/it\/","name":"Villa Dida Resort","description":"Il tuo resort da sogno a Zanzibar","publisher":{"@id":"https:\/\/www.villadida.com\/it\/#organization"},"potentialAction":[{"@type":"SearchAction","target":{"@type":"EntryPoint","urlTemplate":"https:\/\/www.villadida.com\/it\/?s={search_term_string}"},"query-input":"required name=search_term_string"}],"inLanguage":"it-IT"},{"@type":"Organization","@id":"https:\/\/www.villadida.com\/it\/#organization","name":"Villa Dida Resort","url":"https:\/\/www.villadida.com\/it\/","logo":{"@type":"ImageObject","inLanguage":"it-IT","@id":"https:\/\/www.villadida.com\/it\/#\/schema\/logo\/image\/","url":"https:\/\/www.villadida.com\/wp-content\/uploads\/2022\/12\/favicon.png","contentUrl":"https:\/\/www.villadida.com\/wp-content\/uploads\/2022\/12\/favicon.png","width":512,"height":512,"caption":"Villa Dida Resort"},"image":{"@id":"https:\/\/www.villadida.com\/it\/#\/schema\/logo\/image\/"}}]}},"_links":{"self":[{"href":"https:\/\/www.villadida.com\/it\/wp-json\/wp\/v2\/pages\/1638"}],"collection":[{"href":"https:\/\/www.villadida.com\/it\/wp-json\/wp\/v2\/pages"}],"about":[{"href":"https:\/\/www.villadida.com\/it\/wp-json\/wp\/v2\/types\/page"}],"author":[{"embeddable":true,"href":"https:\/\/www.villadida.com\/it\/wp-json\/wp\/v2\/users\/3"}],"replies":[{"embeddable":true,"href":"https:\/\/www.villadida.com\/it\/wp-json\/wp\/v2\/comments?post=1638"}],"version-history":[{"count":44,"href":"https:\/\/www.villadida.com\/it\/wp-json\/wp\/v2\/pages\/1638\/revisions"}],"predecessor-version":[{"id":4544,"href":"https:\/\/www.villadida.com\/it\/wp-json\/wp\/v2\/pages\/1638\/revisions\/4544"}],"up":[{"embeddable":true,"href":"https:\/\/www.villadida.com\/it\/wp-json\/wp\/v2\/pages\/1358"}],"wp:featuredmedia":[{"embeddable":true,"href":"https:\/\/www.villadida.com\/it\/wp-json\/wp\/v2\/media\/1841"}],"wp:attachment":[{"href":"https:\/\/www.villadida.com\/it\/wp-json\/wp\/v2\/media?parent=1638"}],"curies":[{"name":"wp","href":"https:\/\/api.w.org\/{rel}","templated":true}]}}