{"id":1493,"date":"2022-11-23T15:56:21","date_gmt":"2022-11-23T14:56:21","guid":{"rendered":"https:\/\/www.villadida.com\/?page_id=1493"},"modified":"2022-12-07T12:58:19","modified_gmt":"2022-12-07T11:58:19","slug":"escursioni","status":"publish","type":"page","link":"https:\/\/www.villadida.com\/it\/attivita\/escursioni\/","title":{"rendered":"Escursioni"},"content":{"rendered":"<p>[vc_row row_padding_bottom=&#8221;padding_bottom_none&#8221;][vc_column][vc_column_text]Uscite di mezza giornata o sole poche ore, fino a giornate intere in lingue di sabbia sperdute nell\u2019Oceano, tra le piantagioni delle spezie di cui Zanzibar \u00e8 famosa o perdendosi tra i dedali della citt\u00e0 di pietra, Stone Town, ricca di colori e profumi\u2026 a voi la scelta.[\/vc_column_text]<div class=\"plethora_button wpb_content_element   text-left \">\n    <a href=\"https:\/\/www.villadida.com\/gallery\/media-escursioni\/\" class=\" btn btn-inv btn-secondary  \" title=\"\"  target=\"_self\">\n\n        \n        GUARDA PHOTO &amp; VIDEO\n        \n\n    <\/a>\n<\/div>[\/vc_column][\/vc_row][vc_row equal_height=&#8221;yes&#8221; content_placement=&#8221;middle&#8221; row_padding_top=&#8221;padding_top_none&#8221; row_padding_bottom=&#8221;padding_bottom_none&#8221;][vc_column width=&#8221;1\/2&#8243;]<div class=\"heading_group_sc wpb_content_element subtitle_top    text-left\">\n\n        <span class=\"subtitle\"><\/span>\n\n    <h4><strong>Nakupenda Island<\/strong><\/h4>\n\n\n\n<\/div>[vc_column_text]<strong>Partenza dall\u2019albergo intorno alle ore 08:00.<br \/>\n<\/strong>l\u2019Escursione \u00e8 organizzata dallo Staff di Nakupenda, ideatori di questa stupenda escursione in mezzo al mare. Con i nostri comfortevoli minibus da 7 o 14 persone e i nostri autisti privati ci recheremo all\u2019imbarco a Stone Town. Qui lo Staff di Nakupenda ci far\u00e0 salire a bordo di una magnifica barca locale, Dhow, con comodi cuscini ed un tetto panoramico dove prendere il sole. La prima tappa sar\u00e0 a Prison Island,\u00a0 famosa isoletta dell\u2019arcipelago di Zanzibar, dove era stata edificata una prigione mai usata che poi divenne un luogo di quarantena per i marinai delle navi commerciali. Qui troveremo un vero e proprio santuario di tartarughe terrestri giganti , donate nell\u2019ottocento dal Sultano delle Seychelles al Sultano di Zanzibar.<br \/>\nAl termine della visita ci si imbarcher\u00e0 nuovamente per giungere alle lingue di sabbia, con acque cristalline per fare snorkelling e bagni. Location Top e organizzazione top di nakupenda staff che organizzer\u00e0 un banchetto unico con prodotti locali, crostacei, vino, bevande analcoliche e caff\u00e8. Tutta la dotazione per lo snorkelling viene fornita dallo Staff.<br \/>\nRitorno in citt\u00e0 tra le 15:30 e le 16:00 e in base alle richieste dei clienti possibilit\u00e0 di fermarsi ancora a Stone Town per il tramonto.[\/vc_column_text][\/vc_column][vc_column width=&#8221;1\/2&#8243;]<div class=\"pl_fixed_ratio_media  wpb_content_element\">\n    <div class=\"stretchy_wrapper ratio_4-3   bg_vcenter\" style=\"background-image: url('https:\/\/www.villadida.com\/wp-content\/uploads\/2022\/11\/escursioni-nakupenda.jpg');\">\n      <img alt=\"\" src=\"https:\/\/www.villadida.com\/wp-content\/uploads\/2022\/11\/escursioni-nakupenda.jpg\">\n    <\/div>\n\n<\/div>[\/vc_column][\/vc_row][vc_row equal_height=&#8221;yes&#8221; content_placement=&#8221;middle&#8221; row_padding_bottom=&#8221;padding_bottom_none&#8221;][vc_column width=&#8221;1\/2&#8243; el_class=&#8221;col-md-push-6&#8243;]<div class=\"heading_group_sc wpb_content_element subtitle_top    text-left\">\n\n        <span class=\"subtitle\"><\/span>\n\n    <h4><strong>Foresta di Jozani ed il Santuario delle Farfalle<\/strong><\/h4>\n\n\n\n<\/div>[vc_column_text]Possibilit\u00e0 di partenza sia al mattino sia subito dopo pranzo per visitare l\u2019unica foresta a livello del mare. Qui avremo tre aree da visitare estremamente interessanti: la prima parte dedicata alla Foresta vera e propria, scoprendo tutte le specie vegetali che la compongono. La seconda area \u00e8 la foresta di Mangrovie, con una affascinante passerella sopra l\u2019acqua di mare che a seconda della marea pu\u00f2 essere alta o bassa e infine la terza area quella delle scimmie Red Colobus, specie rarissima che vive solo in questa area del mondo.<strong><br \/>\n<\/strong>Questa escursione pu\u00f2 anche essere divisa e visitare solo una delle due proposte.[\/vc_column_text][\/vc_column][vc_column width=&#8221;1\/2&#8243; el_class=&#8221;col-md-pull-6&#8243;]<div class=\"pl_fixed_ratio_media  wpb_content_element\">\n    <div class=\"stretchy_wrapper ratio_4-3   bg_vbottom\" style=\"background-image: url('https:\/\/www.villadida.com\/wp-content\/uploads\/2022\/11\/escursioni-santuario-farfalle.jpg');\">\n      <img alt=\"\" src=\"https:\/\/www.villadida.com\/wp-content\/uploads\/2022\/11\/escursioni-santuario-farfalle.jpg\">\n    <\/div>\n\n<\/div>[\/vc_column][\/vc_row][vc_row equal_height=&#8221;yes&#8221; content_placement=&#8221;middle&#8221; row_padding_bottom=&#8221;padding_bottom_none&#8221;][vc_column width=&#8221;1\/2&#8243;]<div class=\"heading_group_sc wpb_content_element subtitle_top    text-left\">\n\n        <span class=\"subtitle\"><\/span>\n\n    <h4><strong>Tour delle Spezie<\/strong><\/h4>\n\n\n\n<\/div>[vc_column_text]Zanzibar \u00e8 conosciuta in tutto il mondo per essere stata uno dei centri piu\u2019 importanti al mondo per il commercio e la piantagione delle spezie. Questo primato era dovuto all\u2019altro triste primato, di essere uno dei centri maggiori di commercio di schiavi, che oltre ad essere venduti a Zanzibar, in tutto il mondo venivano usati sull\u2019isola per coltivare i chiodi di garofano. L\u2019escursione \u00e8 veramente entusiasmante e si trova in un\u2019area vicino a Villa Dida. Adulti e bambini si divertiranno tantissimo a scoprire insieme, spezie e frutti ed i loro usi nella cosmesi, nel cibo e nelle cure mediche locali.<br \/>\nPossibilit\u00e0 di visita sia al mattino sia alla sera.<strong><br \/>\n<\/strong>[\/vc_column_text][\/vc_column][vc_column width=&#8221;1\/2&#8243;]<div class=\"pl_fixed_ratio_media  wpb_content_element\">\n    <div class=\"stretchy_wrapper ratio_4-3   bg_vcenter\" style=\"background-image: url('https:\/\/www.villadida.com\/wp-content\/uploads\/2022\/11\/escursioni-spezie.jpg');\">\n      <img alt=\"\" src=\"https:\/\/www.villadida.com\/wp-content\/uploads\/2022\/11\/escursioni-spezie.jpg\">\n    <\/div>\n\n<\/div>[\/vc_column][\/vc_row][vc_row equal_height=&#8221;yes&#8221; content_placement=&#8221;middle&#8221; row_padding_bottom=&#8221;padding_bottom_none&#8221;][vc_column width=&#8221;1\/2&#8243; el_class=&#8221;col-md-push-6&#8243;]<div class=\"heading_group_sc wpb_content_element subtitle_top    text-left\">\n\n        <span class=\"subtitle\"><\/span>\n\n    <h4><strong>Visita di Stone Town<\/strong><\/h4>\n\n\n\n<\/div>[vc_column_text]Stone Town \u00e8 una citt\u00e0 ricca di colori e di profumi. E\u2019 anche una citt\u00e0 caotica e calda, \u00e8 una citt\u00e0 ricca di contrasti ed \u00e8 meraviglioso ammirare i tramonti in mezzo al mare da uno dei suoi tanti caff\u00e8 con terrazza. E\u2019 un luogo ricco di cultura e di storia, tanto da diventare patrimonio mondiale dell\u2019Unesco.<strong><br \/>\n<\/strong>Normalmente organizziamo partenze al pomeriggio per terminare la visita al tramonto, iniziando la visita al caratteristico mercato della frutta, verdura e del pesce. A seguire visiteremo al Chiesa anglicana, eretta dove precedentemente vi era il mercato degli schiavi. Qui una interessante mostra fotografica permanente illustrer\u00e0 la storia della Schiavit\u00f9. Da qui ci perderemo nelle strette viuzze di Stone Town, piene di negozietti di artigianato locale, profumi, creme e vestiti, fino a giungere all\u2019antico forte portoghese sul mare, dove oggi avvengono i pi\u00f9 importanti festival culturali e musicali dell\u2019isola, come il Sauti Za Busara.[\/vc_column_text][\/vc_column][vc_column width=&#8221;1\/2&#8243; el_class=&#8221;col-md-pull-6&#8243;]<div class=\"pl_fixed_ratio_media  wpb_content_element\">\n    <div class=\"stretchy_wrapper ratio_4-3   bg_vbottom\" style=\"background-image: url('https:\/\/www.villadida.com\/wp-content\/uploads\/2022\/11\/escursioni-stonetown.jpg');\">\n      <img alt=\"\" src=\"https:\/\/www.villadida.com\/wp-content\/uploads\/2022\/11\/escursioni-stonetown.jpg\">\n    <\/div>\n\n<\/div>[\/vc_column][\/vc_row][vc_row transparent=&#8221;transparent&#8221; row_padding_top=&#8221;padding_top_none&#8221; row_padding_bottom=&#8221;padding_bottom_none&#8221; el_class=&#8221;negative_margin_bottom_150_front&#8221; css=&#8221;.vc_custom_1669369500225{margin-top: 80px !important;margin-bottom: 80px !important;}&#8221;][vc_column width=&#8221;1\/3&#8243;]<!-- ========================== HOVER BOX ==========================-->\n\n<div style=\"background-image: url('https:\/\/www.villadida.com\/wp-content\/uploads\/2022\/11\/banner_diving.jpg')\" class=\"hoverbox wpb_content_element black_section neutralize_links stretchy_wrapper ratio_2-3  \">\n<div class=\"hoverbox_tran black_section transparent_film\"><\/div>\n\t<a href=\"https:\/\/www.villadida.com\/attivita\/diving-e-snorkelling\/\">\n\t\t<div class=\"hoverbox_title\">\n\t\t\t<h2>DIVING E SNORKELLING<\/h2>\n\t\t<\/div>\n\t\t<div class=\"hoverbox_paragraph\">\n\t\t\t<p>Villa Dida Resort \u00e8 convenzionata con il centro diving One Ocean Diving Center con sede a soli 5 km dalla struttura, di fronte all\u2019atollo di Mnemba dove ci sono i 10 siti pi\u00f9 belli di Zanzibar dove fare immersioni&#8230;<\/p>\n\t\t<\/div>\n\t<\/a>\t\n<\/div>\n\n<!-- END======================= HOVER BOX ==========================-->[\/vc_column][vc_column width=&#8221;1\/3&#8243;]<!-- ========================== HOVER BOX ==========================-->\n\n<div style=\"background-image: url('https:\/\/www.villadida.com\/wp-content\/uploads\/2022\/11\/banner_escursioni.jpg')\" class=\"hoverbox wpb_content_element black_section neutralize_links stretchy_wrapper ratio_2-3  \">\n<div class=\"hoverbox_tran black_section transparent_film\"><\/div>\n\t<a href=\"https:\/\/www.villadida.com\/attivita\/escursioni\/\">\n\t\t<div class=\"hoverbox_title\">\n\t\t\t<h2>ESCURSIONI<\/h2>\n\t\t<\/div>\n\t\t<div class=\"hoverbox_paragraph\">\n\t\t\t<p>Uscite di mezza giornata o sole poche ore, fino a giornate intere in lingue di sabbia sperdute nell\u2019Oceano, tra le piantagioni delle spezie di cui Zanzibar \u00e8 famosa o perdendosi tra i dedali della citt\u00e0 di pietra, Stone Town, ricca di colori e profumi\u2026<\/p>\n\t\t<\/div>\n\t<\/a>\t\n<\/div>\n\n<!-- END======================= HOVER BOX ==========================-->[\/vc_column][vc_column width=&#8221;1\/3&#8243;]<!-- ========================== HOVER BOX ==========================-->\n\n<div style=\"background-image: url('https:\/\/www.villadida.com\/wp-content\/uploads\/2022\/11\/banner_safari_giraffe.jpg')\" class=\"hoverbox wpb_content_element black_section neutralize_links stretchy_wrapper ratio_2-3  \">\n<div class=\"hoverbox_tran black_section transparent_film\"><\/div>\n\t<a href=\"https:\/\/www.villadida.com\/attivita\/safari\/\">\n\t\t<div class=\"hoverbox_title\">\n\t\t\t<h2>SAFARI<\/h2>\n\t\t<\/div>\n\t\t<div class=\"hoverbox_paragraph\">\n\t\t\t<p>In Tanzania terraferma per un breve safari di un solo giorno o di un paio di notti<\/p>\n\t\t<\/div>\n\t<\/a>\t\n<\/div>\n\n<!-- END======================= HOVER BOX ==========================-->[\/vc_column][\/vc_row]<\/p>\n","protected":false},"excerpt":{"rendered":"<p>[vc_row row_padding_bottom=&#8221;padding_bottom_none&#8221;][vc_column][vc_column_text]Uscite di mezza giornata o sole poche ore, fino a giornate intere in lingue di sabbia sperdute nell\u2019Oceano, tra le piantagioni delle spezie di cui Zanzibar \u00e8 famosa o perdendosi tra i dedali della citt\u00e0 di pietra, Stone Town, ricca di colori e profumi\u2026 a voi la scelta.[\/vc_column_text][\/vc_column][\/vc_row][vc_row equal_height=&#8221;yes&#8221; content_placement=&#8221;middle&#8221; row_padding_top=&#8221;padding_top_none&#8221; row_padding_bottom=&#8221;padding_bottom_none&#8221;][vc_column width=&#8221;1\/2&#8243;][vc_column_text]Partenza dall\u2019albergo [&hellip;]<\/p>\n","protected":false},"author":3,"featured_media":1529,"parent":1477,"menu_order":7,"comment_status":"closed","ping_status":"closed","template":"","meta":{"footnotes":""},"yoast_head":"<!-- This site is optimized with the Yoast SEO plugin v21.2 - https:\/\/yoast.com\/wordpress\/plugins\/seo\/ -->\n<title>Escursioni - Villa Dida Resort<\/title>\n<meta name=\"robots\" content=\"index, follow, max-snippet:-1, max-image-preview:large, max-video-preview:-1\" \/>\n<link rel=\"canonical\" href=\"https:\/\/www.villadida.com\/it\/attivita\/escursioni\/\" \/>\n<meta property=\"og:locale\" content=\"it_IT\" \/>\n<meta property=\"og:type\" content=\"article\" \/>\n<meta property=\"og:title\" content=\"Escursioni - Villa Dida Resort\" \/>\n<meta property=\"og:description\" content=\"[vc_row row_padding_bottom=&#8221;padding_bottom_none&#8221;][vc_column][vc_column_text]Uscite di mezza giornata o sole poche ore, fino a giornate intere in lingue di sabbia sperdute nell\u2019Oceano, tra le piantagioni delle spezie di cui Zanzibar \u00e8 famosa o perdendosi tra i dedali della citt\u00e0 di pietra, Stone Town, ricca di colori e profumi\u2026 a voi la scelta.[\/vc_column_text][\/vc_column][\/vc_row][vc_row equal_height=&#8221;yes&#8221; content_placement=&#8221;middle&#8221; row_padding_top=&#8221;padding_top_none&#8221; row_padding_bottom=&#8221;padding_bottom_none&#8221;][vc_column width=&#8221;1\/2&#8243;][vc_column_text]Partenza dall\u2019albergo [&hellip;]\" \/>\n<meta property=\"og:url\" content=\"https:\/\/www.villadida.com\/it\/attivita\/escursioni\/\" \/>\n<meta property=\"og:site_name\" content=\"Villa Dida Resort\" \/>\n<meta property=\"article:modified_time\" content=\"2022-12-07T11:58:19+00:00\" \/>\n<meta property=\"og:image\" content=\"https:\/\/www.villadida.com\/wp-content\/uploads\/2022\/11\/titolo-escursioni.jpg\" \/>\n\t<meta property=\"og:image:width\" content=\"1920\" \/>\n\t<meta property=\"og:image:height\" content=\"450\" \/>\n\t<meta property=\"og:image:type\" content=\"image\/jpeg\" \/>\n<meta name=\"twitter:card\" content=\"summary_large_image\" \/>\n<meta name=\"twitter:label1\" content=\"Tempo di lettura stimato\" \/>\n\t<meta name=\"twitter:data1\" content=\"6 minuti\" \/>\n<script type=\"application\/ld+json\" class=\"yoast-schema-graph\">{\"@context\":\"https:\/\/schema.org\",\"@graph\":[{\"@type\":\"WebPage\",\"@id\":\"https:\/\/www.villadida.com\/it\/attivita\/escursioni\/\",\"url\":\"https:\/\/www.villadida.com\/it\/attivita\/escursioni\/\",\"name\":\"Escursioni - Villa Dida Resort\",\"isPartOf\":{\"@id\":\"https:\/\/www.villadida.com\/it\/#website\"},\"datePublished\":\"2022-11-23T14:56:21+00:00\",\"dateModified\":\"2022-12-07T11:58:19+00:00\",\"breadcrumb\":{\"@id\":\"https:\/\/www.villadida.com\/it\/attivita\/escursioni\/#breadcrumb\"},\"inLanguage\":\"it-IT\",\"potentialAction\":[{\"@type\":\"ReadAction\",\"target\":[\"https:\/\/www.villadida.com\/it\/attivita\/escursioni\/\"]}]},{\"@type\":\"BreadcrumbList\",\"@id\":\"https:\/\/www.villadida.com\/it\/attivita\/escursioni\/#breadcrumb\",\"itemListElement\":[{\"@type\":\"ListItem\",\"position\":1,\"name\":\"Home\",\"item\":\"https:\/\/www.villadida.com\/it\/\"},{\"@type\":\"ListItem\",\"position\":2,\"name\":\"Attivit\u00e0\",\"item\":\"https:\/\/www.villadida.com\/it\/attivita\/\"},{\"@type\":\"ListItem\",\"position\":3,\"name\":\"Escursioni\"}]},{\"@type\":\"WebSite\",\"@id\":\"https:\/\/www.villadida.com\/it\/#website\",\"url\":\"https:\/\/www.villadida.com\/it\/\",\"name\":\"Villa Dida Resort\",\"description\":\"Il tuo resort da sogno a Zanzibar\",\"publisher\":{\"@id\":\"https:\/\/www.villadida.com\/it\/#organization\"},\"potentialAction\":[{\"@type\":\"SearchAction\",\"target\":{\"@type\":\"EntryPoint\",\"urlTemplate\":\"https:\/\/www.villadida.com\/it\/?s={search_term_string}\"},\"query-input\":\"required name=search_term_string\"}],\"inLanguage\":\"it-IT\"},{\"@type\":\"Organization\",\"@id\":\"https:\/\/www.villadida.com\/it\/#organization\",\"name\":\"Villa Dida Resort\",\"url\":\"https:\/\/www.villadida.com\/it\/\",\"logo\":{\"@type\":\"ImageObject\",\"inLanguage\":\"it-IT\",\"@id\":\"https:\/\/www.villadida.com\/it\/#\/schema\/logo\/image\/\",\"url\":\"https:\/\/www.villadida.com\/wp-content\/uploads\/2022\/12\/favicon.png\",\"contentUrl\":\"https:\/\/www.villadida.com\/wp-content\/uploads\/2022\/12\/favicon.png\",\"width\":512,\"height\":512,\"caption\":\"Villa Dida Resort\"},\"image\":{\"@id\":\"https:\/\/www.villadida.com\/it\/#\/schema\/logo\/image\/\"}}]}<\/script>\n<!-- \/ Yoast SEO plugin. -->","yoast_head_json":{"title":"Escursioni - Villa Dida Resort","robots":{"index":"index","follow":"follow","max-snippet":"max-snippet:-1","max-image-preview":"max-image-preview:large","max-video-preview":"max-video-preview:-1"},"canonical":"https:\/\/www.villadida.com\/it\/attivita\/escursioni\/","og_locale":"it_IT","og_type":"article","og_title":"Escursioni - Villa Dida Resort","og_description":"[vc_row row_padding_bottom=&#8221;padding_bottom_none&#8221;][vc_column][vc_column_text]Uscite di mezza giornata o sole poche ore, fino a giornate intere in lingue di sabbia sperdute nell\u2019Oceano, tra le piantagioni delle spezie di cui Zanzibar \u00e8 famosa o perdendosi tra i dedali della citt\u00e0 di pietra, Stone Town, ricca di colori e profumi\u2026 a voi la scelta.[\/vc_column_text][\/vc_column][\/vc_row][vc_row equal_height=&#8221;yes&#8221; content_placement=&#8221;middle&#8221; row_padding_top=&#8221;padding_top_none&#8221; row_padding_bottom=&#8221;padding_bottom_none&#8221;][vc_column width=&#8221;1\/2&#8243;][vc_column_text]Partenza dall\u2019albergo [&hellip;]","og_url":"https:\/\/www.villadida.com\/it\/attivita\/escursioni\/","og_site_name":"Villa Dida Resort","article_modified_time":"2022-12-07T11:58:19+00:00","og_image":[{"width":1920,"height":450,"url":"https:\/\/www.villadida.com\/wp-content\/uploads\/2022\/11\/titolo-escursioni.jpg","type":"image\/jpeg"}],"twitter_card":"summary_large_image","twitter_misc":{"Tempo di lettura stimato":"6 minuti"},"schema":{"@context":"https:\/\/schema.org","@graph":[{"@type":"WebPage","@id":"https:\/\/www.villadida.com\/it\/attivita\/escursioni\/","url":"https:\/\/www.villadida.com\/it\/attivita\/escursioni\/","name":"Escursioni - Villa Dida Resort","isPartOf":{"@id":"https:\/\/www.villadida.com\/it\/#website"},"datePublished":"2022-11-23T14:56:21+00:00","dateModified":"2022-12-07T11:58:19+00:00","breadcrumb":{"@id":"https:\/\/www.villadida.com\/it\/attivita\/escursioni\/#breadcrumb"},"inLanguage":"it-IT","potentialAction":[{"@type":"ReadAction","target":["https:\/\/www.villadida.com\/it\/attivita\/escursioni\/"]}]},{"@type":"BreadcrumbList","@id":"https:\/\/www.villadida.com\/it\/attivita\/escursioni\/#breadcrumb","itemListElement":[{"@type":"ListItem","position":1,"name":"Home","item":"https:\/\/www.villadida.com\/it\/"},{"@type":"ListItem","position":2,"name":"Attivit\u00e0","item":"https:\/\/www.villadida.com\/it\/attivita\/"},{"@type":"ListItem","position":3,"name":"Escursioni"}]},{"@type":"WebSite","@id":"https:\/\/www.villadida.com\/it\/#website","url":"https:\/\/www.villadida.com\/it\/","name":"Villa Dida Resort","description":"Il tuo resort da sogno a Zanzibar","publisher":{"@id":"https:\/\/www.villadida.com\/it\/#organization"},"potentialAction":[{"@type":"SearchAction","target":{"@type":"EntryPoint","urlTemplate":"https:\/\/www.villadida.com\/it\/?s={search_term_string}"},"query-input":"required name=search_term_string"}],"inLanguage":"it-IT"},{"@type":"Organization","@id":"https:\/\/www.villadida.com\/it\/#organization","name":"Villa Dida Resort","url":"https:\/\/www.villadida.com\/it\/","logo":{"@type":"ImageObject","inLanguage":"it-IT","@id":"https:\/\/www.villadida.com\/it\/#\/schema\/logo\/image\/","url":"https:\/\/www.villadida.com\/wp-content\/uploads\/2022\/12\/favicon.png","contentUrl":"https:\/\/www.villadida.com\/wp-content\/uploads\/2022\/12\/favicon.png","width":512,"height":512,"caption":"Villa Dida Resort"},"image":{"@id":"https:\/\/www.villadida.com\/it\/#\/schema\/logo\/image\/"}}]}},"_links":{"self":[{"href":"https:\/\/www.villadida.com\/it\/wp-json\/wp\/v2\/pages\/1493"}],"collection":[{"href":"https:\/\/www.villadida.com\/it\/wp-json\/wp\/v2\/pages"}],"about":[{"href":"https:\/\/www.villadida.com\/it\/wp-json\/wp\/v2\/types\/page"}],"author":[{"embeddable":true,"href":"https:\/\/www.villadida.com\/it\/wp-json\/wp\/v2\/users\/3"}],"replies":[{"embeddable":true,"href":"https:\/\/www.villadida.com\/it\/wp-json\/wp\/v2\/comments?post=1493"}],"version-history":[{"count":35,"href":"https:\/\/www.villadida.com\/it\/wp-json\/wp\/v2\/pages\/1493\/revisions"}],"predecessor-version":[{"id":2292,"href":"https:\/\/www.villadida.com\/it\/wp-json\/wp\/v2\/pages\/1493\/revisions\/2292"}],"up":[{"embeddable":true,"href":"https:\/\/www.villadida.com\/it\/wp-json\/wp\/v2\/pages\/1477"}],"wp:featuredmedia":[{"embeddable":true,"href":"https:\/\/www.villadida.com\/it\/wp-json\/wp\/v2\/media\/1529"}],"wp:attachment":[{"href":"https:\/\/www.villadida.com\/it\/wp-json\/wp\/v2\/media?parent=1493"}],"curies":[{"name":"wp","href":"https:\/\/api.w.org\/{rel}","templated":true}]}}