{"id":1343,"date":"2022-11-22T18:57:36","date_gmt":"2022-11-22T17:57:36","guid":{"rendered":"https:\/\/www.villadida.com\/?page_id=1343"},"modified":"2022-11-23T19:06:53","modified_gmt":"2022-11-23T18:06:53","slug":"etica-di-viaggio","status":"publish","type":"page","link":"https:\/\/www.villadida.com\/it\/resort-a-pwani-mchangani\/etica-di-viaggio\/","title":{"rendered":"Etica di Viaggio"},"content":{"rendered":"<p>[vc_row full_width=&#8221;stretch_row&#8221; color_set=&#8221;white_section&#8221;][vc_column]<div class=\"heading_group_sc wpb_content_element subtitle_top    text-left\">\n\n        <span class=\"subtitle\"><\/span>\n\n    <h3>ESSERE SOLIDALI<\/h3>\n\n\n\n<\/div>[vc_column_text]Essere solidali con un luogo vuol dire fare una scelta di qualit\u00e0. Scegliere di dare fiducia e valore al lavoro locale significa valorizzare culturalmente una popolazione, contribuendo al miglioramento dell\u2019esistenza, non solo in termini meramente economici, a chi permette a noi investitori stranieri non solo guadagni ma anche qualit\u00e0 di vita impossibili in grandi metropoli europee.<\/p>\n<p>Il Lusso che proponiamo \u00e8 un lusso immateriale, fatto di amore per le cose semplici, di gusto per il bell\u2019arredamento e di un cibo genuino sotto le stelle, della libert\u00e0 di stare in costume dalla mattina alla sera e di toglierti le scarpe dal momento che arrivi a quando riparti, del goderti il suono delle onde che si infrangono in lontananza sulla barriera corallina, in sintesi \u00e8 il lusso di chi sceglie di riprendersi il proprio spazio e il proprio tempo che durante la quotidianit\u00e0 ci auto neghiamo ogni giorno.<\/p>\n<p>Questo modo di pensare il turismo non fa solo bene a chi sceglie una vacanza da noi, ma fa bene anche al luogo che ci ospita, senza che questo venga deturpato architettonicamente e acusticamente, perch\u00e9 la costruzione e la socialit\u00e0 che proponiamo \u00e8 naturale: bioarchitettura per l\u2019edilizia e semplicit\u00e0 nei divertimenti. Biciclette, massaggi, ristorante che acquista i propri freschi dai pescatori e agricoltori del villaggio, escursioni con numero limitato di persone, sono semplici ingredienti di un turismo che fa bene a tutti.[\/vc_column_text][\/vc_column][\/vc_row][vc_row full_width=&#8221;stretch_row&#8221; color_set=&#8221;black_section&#8221; css=&#8221;.vc_custom_1669139336529{background-image: url(https:\/\/www.villadida.com\/wp-content\/uploads\/2022\/11\/banner-sistemazione.jpg?id=1341) !important;background-position: center !important;background-repeat: no-repeat !important;background-size: cover !important;}&#8221;][vc_column width=&#8221;2\/3&#8243; offset=&#8221;vc_col-sm-offset-2&#8243;]<div class=\"heading_group_sc wpb_content_element subtitle_bottom    text-center\">\n\n\n    <h2>Guarda le nostre sistemazioni<\/h2>\n\n\n        <span class=\"subtitle\"><\/span>\n\n<\/div>[vc_column_text]<\/p>\n<p style=\"text-align: center;\">Tutte le nostre camere sono fronte mare<\/p>\n<p>[\/vc_column_text]<div class=\"plethora_button wpb_content_element   text-center \">\n    <a href=\"https:\/\/www.villadida.com\/hotel-zanzibar\/\" class=\" btn btn-white  \" title=\"\"  target=\"_self\">\n\n        \n        SCOPRI DI PI\u00d9\n        \n\n    <\/a>\n<\/div>[\/vc_column][\/vc_row]<\/p>\n","protected":false},"excerpt":{"rendered":"<p>[vc_row full_width=&#8221;stretch_row&#8221; color_set=&#8221;white_section&#8221;][vc_column][vc_column_text]Essere solidali con un luogo vuol dire fare una scelta di qualit\u00e0. Scegliere di dare fiducia e valore al lavoro locale significa valorizzare culturalmente una popolazione, contribuendo al miglioramento dell\u2019esistenza, non solo in termini meramente economici, a chi permette a noi investitori stranieri non solo guadagni ma anche qualit\u00e0 di vita impossibili in [&hellip;]<\/p>\n","protected":false},"author":3,"featured_media":1348,"parent":44,"menu_order":2,"comment_status":"closed","ping_status":"closed","template":"","meta":{"footnotes":""},"yoast_head":"<!-- This site is optimized with the Yoast SEO plugin v21.2 - https:\/\/yoast.com\/wordpress\/plugins\/seo\/ -->\n<title>Etica di Viaggio - Villa Dida Resort<\/title>\n<meta name=\"robots\" content=\"index, follow, max-snippet:-1, max-image-preview:large, max-video-preview:-1\" \/>\n<link rel=\"canonical\" href=\"https:\/\/www.villadida.com\/it\/resort-a-pwani-mchangani\/etica-di-viaggio\/\" \/>\n<meta property=\"og:locale\" content=\"it_IT\" \/>\n<meta property=\"og:type\" content=\"article\" \/>\n<meta property=\"og:title\" content=\"Etica di Viaggio - Villa Dida Resort\" \/>\n<meta property=\"og:description\" content=\"[vc_row full_width=&#8221;stretch_row&#8221; color_set=&#8221;white_section&#8221;][vc_column][vc_column_text]Essere solidali con un luogo vuol dire fare una scelta di qualit\u00e0. Scegliere di dare fiducia e valore al lavoro locale significa valorizzare culturalmente una popolazione, contribuendo al miglioramento dell\u2019esistenza, non solo in termini meramente economici, a chi permette a noi investitori stranieri non solo guadagni ma anche qualit\u00e0 di vita impossibili in [&hellip;]\" \/>\n<meta property=\"og:url\" content=\"https:\/\/www.villadida.com\/it\/resort-a-pwani-mchangani\/etica-di-viaggio\/\" \/>\n<meta property=\"og:site_name\" content=\"Villa Dida Resort\" \/>\n<meta property=\"article:modified_time\" content=\"2022-11-23T18:06:53+00:00\" \/>\n<meta property=\"og:image\" content=\"https:\/\/www.villadida.com\/wp-content\/uploads\/2022\/11\/titolo-etica-1.jpg\" \/>\n\t<meta property=\"og:image:width\" content=\"1920\" \/>\n\t<meta property=\"og:image:height\" content=\"450\" \/>\n\t<meta property=\"og:image:type\" content=\"image\/jpeg\" \/>\n<meta name=\"twitter:card\" content=\"summary_large_image\" \/>\n<meta name=\"twitter:label1\" content=\"Tempo di lettura stimato\" \/>\n\t<meta name=\"twitter:data1\" content=\"2 minuti\" \/>\n<script type=\"application\/ld+json\" class=\"yoast-schema-graph\">{\"@context\":\"https:\/\/schema.org\",\"@graph\":[{\"@type\":\"WebPage\",\"@id\":\"https:\/\/www.villadida.com\/it\/resort-a-pwani-mchangani\/etica-di-viaggio\/\",\"url\":\"https:\/\/www.villadida.com\/it\/resort-a-pwani-mchangani\/etica-di-viaggio\/\",\"name\":\"Etica di Viaggio - Villa Dida Resort\",\"isPartOf\":{\"@id\":\"https:\/\/www.villadida.com\/it\/#website\"},\"datePublished\":\"2022-11-22T17:57:36+00:00\",\"dateModified\":\"2022-11-23T18:06:53+00:00\",\"breadcrumb\":{\"@id\":\"https:\/\/www.villadida.com\/it\/resort-a-pwani-mchangani\/etica-di-viaggio\/#breadcrumb\"},\"inLanguage\":\"it-IT\",\"potentialAction\":[{\"@type\":\"ReadAction\",\"target\":[\"https:\/\/www.villadida.com\/it\/resort-a-pwani-mchangani\/etica-di-viaggio\/\"]}]},{\"@type\":\"BreadcrumbList\",\"@id\":\"https:\/\/www.villadida.com\/it\/resort-a-pwani-mchangani\/etica-di-viaggio\/#breadcrumb\",\"itemListElement\":[{\"@type\":\"ListItem\",\"position\":1,\"name\":\"Home\",\"item\":\"https:\/\/www.villadida.com\/it\/\"},{\"@type\":\"ListItem\",\"position\":2,\"name\":\"Villadida\",\"item\":\"https:\/\/www.villadida.com\/it\/resort-a-pwani-mchangani\/\"},{\"@type\":\"ListItem\",\"position\":3,\"name\":\"Etica di Viaggio\"}]},{\"@type\":\"WebSite\",\"@id\":\"https:\/\/www.villadida.com\/it\/#website\",\"url\":\"https:\/\/www.villadida.com\/it\/\",\"name\":\"Villa Dida Resort\",\"description\":\"Il tuo resort da sogno a Zanzibar\",\"publisher\":{\"@id\":\"https:\/\/www.villadida.com\/it\/#organization\"},\"potentialAction\":[{\"@type\":\"SearchAction\",\"target\":{\"@type\":\"EntryPoint\",\"urlTemplate\":\"https:\/\/www.villadida.com\/it\/?s={search_term_string}\"},\"query-input\":\"required name=search_term_string\"}],\"inLanguage\":\"it-IT\"},{\"@type\":\"Organization\",\"@id\":\"https:\/\/www.villadida.com\/it\/#organization\",\"name\":\"Villa Dida Resort\",\"url\":\"https:\/\/www.villadida.com\/it\/\",\"logo\":{\"@type\":\"ImageObject\",\"inLanguage\":\"it-IT\",\"@id\":\"https:\/\/www.villadida.com\/it\/#\/schema\/logo\/image\/\",\"url\":\"https:\/\/www.villadida.com\/wp-content\/uploads\/2022\/12\/favicon.png\",\"contentUrl\":\"https:\/\/www.villadida.com\/wp-content\/uploads\/2022\/12\/favicon.png\",\"width\":512,\"height\":512,\"caption\":\"Villa Dida Resort\"},\"image\":{\"@id\":\"https:\/\/www.villadida.com\/it\/#\/schema\/logo\/image\/\"}}]}<\/script>\n<!-- \/ Yoast SEO plugin. -->","yoast_head_json":{"title":"Etica di Viaggio - Villa Dida Resort","robots":{"index":"index","follow":"follow","max-snippet":"max-snippet:-1","max-image-preview":"max-image-preview:large","max-video-preview":"max-video-preview:-1"},"canonical":"https:\/\/www.villadida.com\/it\/resort-a-pwani-mchangani\/etica-di-viaggio\/","og_locale":"it_IT","og_type":"article","og_title":"Etica di Viaggio - Villa Dida Resort","og_description":"[vc_row full_width=&#8221;stretch_row&#8221; color_set=&#8221;white_section&#8221;][vc_column][vc_column_text]Essere solidali con un luogo vuol dire fare una scelta di qualit\u00e0. Scegliere di dare fiducia e valore al lavoro locale significa valorizzare culturalmente una popolazione, contribuendo al miglioramento dell\u2019esistenza, non solo in termini meramente economici, a chi permette a noi investitori stranieri non solo guadagni ma anche qualit\u00e0 di vita impossibili in [&hellip;]","og_url":"https:\/\/www.villadida.com\/it\/resort-a-pwani-mchangani\/etica-di-viaggio\/","og_site_name":"Villa Dida Resort","article_modified_time":"2022-11-23T18:06:53+00:00","og_image":[{"width":1920,"height":450,"url":"https:\/\/www.villadida.com\/wp-content\/uploads\/2022\/11\/titolo-etica-1.jpg","type":"image\/jpeg"}],"twitter_card":"summary_large_image","twitter_misc":{"Tempo di lettura stimato":"2 minuti"},"schema":{"@context":"https:\/\/schema.org","@graph":[{"@type":"WebPage","@id":"https:\/\/www.villadida.com\/it\/resort-a-pwani-mchangani\/etica-di-viaggio\/","url":"https:\/\/www.villadida.com\/it\/resort-a-pwani-mchangani\/etica-di-viaggio\/","name":"Etica di Viaggio - Villa Dida Resort","isPartOf":{"@id":"https:\/\/www.villadida.com\/it\/#website"},"datePublished":"2022-11-22T17:57:36+00:00","dateModified":"2022-11-23T18:06:53+00:00","breadcrumb":{"@id":"https:\/\/www.villadida.com\/it\/resort-a-pwani-mchangani\/etica-di-viaggio\/#breadcrumb"},"inLanguage":"it-IT","potentialAction":[{"@type":"ReadAction","target":["https:\/\/www.villadida.com\/it\/resort-a-pwani-mchangani\/etica-di-viaggio\/"]}]},{"@type":"BreadcrumbList","@id":"https:\/\/www.villadida.com\/it\/resort-a-pwani-mchangani\/etica-di-viaggio\/#breadcrumb","itemListElement":[{"@type":"ListItem","position":1,"name":"Home","item":"https:\/\/www.villadida.com\/it\/"},{"@type":"ListItem","position":2,"name":"Villadida","item":"https:\/\/www.villadida.com\/it\/resort-a-pwani-mchangani\/"},{"@type":"ListItem","position":3,"name":"Etica di Viaggio"}]},{"@type":"WebSite","@id":"https:\/\/www.villadida.com\/it\/#website","url":"https:\/\/www.villadida.com\/it\/","name":"Villa Dida Resort","description":"Il tuo resort da sogno a Zanzibar","publisher":{"@id":"https:\/\/www.villadida.com\/it\/#organization"},"potentialAction":[{"@type":"SearchAction","target":{"@type":"EntryPoint","urlTemplate":"https:\/\/www.villadida.com\/it\/?s={search_term_string}"},"query-input":"required name=search_term_string"}],"inLanguage":"it-IT"},{"@type":"Organization","@id":"https:\/\/www.villadida.com\/it\/#organization","name":"Villa Dida Resort","url":"https:\/\/www.villadida.com\/it\/","logo":{"@type":"ImageObject","inLanguage":"it-IT","@id":"https:\/\/www.villadida.com\/it\/#\/schema\/logo\/image\/","url":"https:\/\/www.villadida.com\/wp-content\/uploads\/2022\/12\/favicon.png","contentUrl":"https:\/\/www.villadida.com\/wp-content\/uploads\/2022\/12\/favicon.png","width":512,"height":512,"caption":"Villa Dida Resort"},"image":{"@id":"https:\/\/www.villadida.com\/it\/#\/schema\/logo\/image\/"}}]}},"_links":{"self":[{"href":"https:\/\/www.villadida.com\/it\/wp-json\/wp\/v2\/pages\/1343"}],"collection":[{"href":"https:\/\/www.villadida.com\/it\/wp-json\/wp\/v2\/pages"}],"about":[{"href":"https:\/\/www.villadida.com\/it\/wp-json\/wp\/v2\/types\/page"}],"author":[{"embeddable":true,"href":"https:\/\/www.villadida.com\/it\/wp-json\/wp\/v2\/users\/3"}],"replies":[{"embeddable":true,"href":"https:\/\/www.villadida.com\/it\/wp-json\/wp\/v2\/comments?post=1343"}],"version-history":[{"count":4,"href":"https:\/\/www.villadida.com\/it\/wp-json\/wp\/v2\/pages\/1343\/revisions"}],"predecessor-version":[{"id":1575,"href":"https:\/\/www.villadida.com\/it\/wp-json\/wp\/v2\/pages\/1343\/revisions\/1575"}],"up":[{"embeddable":true,"href":"https:\/\/www.villadida.com\/it\/wp-json\/wp\/v2\/pages\/44"}],"wp:featuredmedia":[{"embeddable":true,"href":"https:\/\/www.villadida.com\/it\/wp-json\/wp\/v2\/media\/1348"}],"wp:attachment":[{"href":"https:\/\/www.villadida.com\/it\/wp-json\/wp\/v2\/media?parent=1343"}],"curies":[{"name":"wp","href":"https:\/\/api.w.org\/{rel}","templated":true}]}}